{"id":105817,"date":"2017-03-23T01:06:51","date_gmt":"2017-03-23T01:06:51","guid":{"rendered":"http:\/\/keramika.holest.com\/slovenija\/product\/stekleni-mozaik-hd-pools02_4\/"},"modified":"2026-01-04T00:02:15","modified_gmt":"2026-01-04T00:02:15","slug":"stekleni-mozaik-hd-pools02_4","status":"publish","type":"product","link":"https:\/\/www.keramika.com\/slovenija\/stekleni-mozaik-hd-pools02_4\/","title":{"rendered":"Stekleni mozaik hd pools02_4"},"content":{"rendered":"<p>Glass mosaic hd pools02_4 je plo\u0161\u010dica proizvajalca Mosavit Mosaico in prihaja iz \u0160panije. Debelina kar 5 mm dela ta mozaik zelo trpe\u017een in presti\u017een na otip. \u0160irina in dol\u017eina mre\u017ee na katero je pripet ta mozaik sta 31,6&#215;31,6 cm. Mre\u017eo lahko enostavno polo\u017eite na razli\u010dne povr\u0161ine. Keramika v beli barvi popestri vsak prostor. Redna cena tega mozaika v maloprodaji zna\u0161a 625 EUR, v na\u0161i spletni trgovini pa ga lahko dobite \u017ee za 500 EUR.<\/p>\n<p>Unikatni mozaik!<br \/>Po\u0161ljite nam va\u0161o fotografijo. Originalni na\u010din izdelave steklenega mozaika nam omogo\u010da, da to fotografijo prenesemo in vtisnemo v steklo.<br \/>Lepota, ki traja!<\/p>\n<p>Technical description: High definition mosaic \u2013 For a project or for your bathroom, high definition mosaic is a great way to get ceramics exactly as you want it, completely unique! How does it work? You send us any picture by your desire and we impetrate it into glass mosaic.<\/p>\n","protected":false},"excerpt":{"rendered":"<p>Glass mosaic hd pools02_4 je plo\u0161\u010dica proizvajalca Mosavit Mosaico in prihaja iz \u0160panije. Debelina kar 5 mm dela ta mozaik zelo trpe\u017een in presti\u017een na otip. \u0160irina in dol\u017eina mre\u017ee na katero je pripet ta mozaik sta 31,6&#215;31,6 cm. Mre\u017eo lahko enostavno polo\u017eite na razli\u010dne povr\u0161ine. Keramika v beli barvi popestri vsak prostor. Redna cena [&hellip;]<\/p>\n","protected":false},"featured_media":105818,"template":"","meta":[],"product_cat":[999405,400,999,410,300],"product_tag":[],"_links":{"self":[{"href":"https:\/\/www.keramika.com\/slovenija\/wp-json\/wp\/v2\/product\/105817"}],"collection":[{"href":"https:\/\/www.keramika.com\/slovenija\/wp-json\/wp\/v2\/product"}],"about":[{"href":"https:\/\/www.keramika.com\/slovenija\/wp-json\/wp\/v2\/types\/product"}],"wp:featuredmedia":[{"embeddable":true,"href":"https:\/\/www.keramika.com\/slovenija\/wp-json\/wp\/v2\/media\/105818"}],"wp:attachment":[{"href":"https:\/\/www.keramika.com\/slovenija\/wp-json\/wp\/v2\/media?parent=105817"}],"wp:term":[{"taxonomy":"product_cat","embeddable":true,"href":"https:\/\/www.keramika.com\/slovenija\/wp-json\/wp\/v2\/product_cat?post=105817"},{"taxonomy":"product_tag","embeddable":true,"href":"https:\/\/www.keramika.com\/slovenija\/wp-json\/wp\/v2\/product_tag?post=105817"}],"curies":[{"name":"wp","href":"https:\/\/api.w.org\/{rel}","templated":true}]}}