{"id":105773,"date":"2017-03-23T01:04:34","date_gmt":"2017-03-23T01:04:34","guid":{"rendered":"http:\/\/keramika.holest.com\/slovenija\/product\/stekleni-mozaik-hd-exteriors05_3\/"},"modified":"2026-01-04T00:02:11","modified_gmt":"2026-01-04T00:02:11","slug":"stekleni-mozaik-hd-exteriors05_3","status":"publish","type":"product","link":"https:\/\/www.keramika.com\/slovenija\/stekleni-mozaik-hd-exteriors05_3\/","title":{"rendered":"Stekleni mozaik hd exteriors05_3"},"content":{"rendered":"<p>Mozaik na sliki je pripet na mre\u017eo, kar olaj\u0161a njegovo polaganje. Mre\u017ea je velika 31,6&#215;31,6 cm. Glass mosaic hd exteriors05_3 je na voljo po zelo ugodni ceni 500 EUR. Debelina kar 5 mm dela ta mozaik zelo trpe\u017een in presti\u017een na otip. Ta mozaik je izdelal proizvajalec Mosavit Mosaico, ki prihaja iz \u0160panije. Ta mozaik je na voljo v \u010dudoviti beli prevladujo\u010di barvi, \u010de \u017eelite kak\u0161no drugo barvo pa nas kontaktirajte in preverili bomo pri proizvajalcu.<\/p>\n<p>Unikatni mozaik!<br \/>Po\u0161ljite nam va\u0161o fotografijo. Originalni na\u010din izdelave steklenega mozaika nam omogo\u010da, da to fotografijo prenesemo in vtisnemo v steklo.<br \/>Lepota, ki traja!<\/p>\n<p>Technical description: High definition mosaic \u2013 For a project or for your bathroom, high definition mosaic is a great way to get ceramics exactly as you want it, completely unique! How does it work? You send us any picture by your desire and we impetrate it into glass mosaic.<\/p>\n","protected":false},"excerpt":{"rendered":"<p>Mozaik na sliki je pripet na mre\u017eo, kar olaj\u0161a njegovo polaganje. Mre\u017ea je velika 31,6&#215;31,6 cm. Glass mosaic hd exteriors05_3 je na voljo po zelo ugodni ceni 500 EUR. Debelina kar 5 mm dela ta mozaik zelo trpe\u017een in presti\u017een na otip. Ta mozaik je izdelal proizvajalec Mosavit Mosaico, ki prihaja iz \u0160panije. Ta mozaik [&hellip;]<\/p>\n","protected":false},"featured_media":105774,"template":"","meta":[],"product_cat":[999405,400,999,410,300],"product_tag":[],"_links":{"self":[{"href":"https:\/\/www.keramika.com\/slovenija\/wp-json\/wp\/v2\/product\/105773"}],"collection":[{"href":"https:\/\/www.keramika.com\/slovenija\/wp-json\/wp\/v2\/product"}],"about":[{"href":"https:\/\/www.keramika.com\/slovenija\/wp-json\/wp\/v2\/types\/product"}],"wp:featuredmedia":[{"embeddable":true,"href":"https:\/\/www.keramika.com\/slovenija\/wp-json\/wp\/v2\/media\/105774"}],"wp:attachment":[{"href":"https:\/\/www.keramika.com\/slovenija\/wp-json\/wp\/v2\/media?parent=105773"}],"wp:term":[{"taxonomy":"product_cat","embeddable":true,"href":"https:\/\/www.keramika.com\/slovenija\/wp-json\/wp\/v2\/product_cat?post=105773"},{"taxonomy":"product_tag","embeddable":true,"href":"https:\/\/www.keramika.com\/slovenija\/wp-json\/wp\/v2\/product_tag?post=105773"}],"curies":[{"name":"wp","href":"https:\/\/api.w.org\/{rel}","templated":true}]}}