{"id":105769,"date":"2017-03-23T01:04:23","date_gmt":"2017-03-23T01:04:23","guid":{"rendered":"http:\/\/keramika.holest.com\/slovenija\/product\/stekleni-mozaik-hd-exteriors05_1\/"},"modified":"2026-01-04T00:02:11","modified_gmt":"2026-01-04T00:02:11","slug":"stekleni-mozaik-hd-exteriors05_1","status":"publish","type":"product","link":"https:\/\/www.keramika.com\/slovenija\/stekleni-mozaik-hd-exteriors05_1\/","title":{"rendered":"Stekleni mozaik hd exteriors05_1"},"content":{"rendered":"<p>Glass mosaic hd exteriors05_1 je plo\u0161\u010dica proizvajalca Mosavit Mosaico in prihaja iz \u0160panije. 5 mm debeline je dovolj tudi za zahtevnej\u0161e kupce. Na spletu boste za ta mozaik od\u0161teli le 500 EUR, medtem ko v redni prodaji cena zna\u0161a 625 EUR. Pri izbiri mozaika v glavni beli barvi ne morete zgre\u0161iti. Mozaik dobite pripet na mre\u017eo, kar olaj\u0161a njegovo polaganje. Velikost mre\u017ee je 31,6&#215;31,6 cm in je primerna za razli\u010dne povr\u0161ine.<\/p>\n<p>Unikatni mozaik!<br \/>Po\u0161ljite nam va\u0161o fotografijo. Originalni na\u010din izdelave steklenega mozaika nam omogo\u010da, da to fotografijo prenesemo in vtisnemo v steklo.<br \/>Lepota, ki traja!<\/p>\n<p>Technical description: High definition mosaic \u2013 For a project or for your bathroom, high definition mosaic is a great way to get ceramics exactly as you want it, completely unique! How does it work? You send us any picture by your desire and we impetrate it into glass mosaic.<\/p>\n","protected":false},"excerpt":{"rendered":"<p>Glass mosaic hd exteriors05_1 je plo\u0161\u010dica proizvajalca Mosavit Mosaico in prihaja iz \u0160panije. 5 mm debeline je dovolj tudi za zahtevnej\u0161e kupce. Na spletu boste za ta mozaik od\u0161teli le 500 EUR, medtem ko v redni prodaji cena zna\u0161a 625 EUR. Pri izbiri mozaika v glavni beli barvi ne morete zgre\u0161iti. Mozaik dobite pripet na [&hellip;]<\/p>\n","protected":false},"featured_media":105770,"template":"","meta":[],"product_cat":[999405,400,999,410,300],"product_tag":[],"_links":{"self":[{"href":"https:\/\/www.keramika.com\/slovenija\/wp-json\/wp\/v2\/product\/105769"}],"collection":[{"href":"https:\/\/www.keramika.com\/slovenija\/wp-json\/wp\/v2\/product"}],"about":[{"href":"https:\/\/www.keramika.com\/slovenija\/wp-json\/wp\/v2\/types\/product"}],"wp:featuredmedia":[{"embeddable":true,"href":"https:\/\/www.keramika.com\/slovenija\/wp-json\/wp\/v2\/media\/105770"}],"wp:attachment":[{"href":"https:\/\/www.keramika.com\/slovenija\/wp-json\/wp\/v2\/media?parent=105769"}],"wp:term":[{"taxonomy":"product_cat","embeddable":true,"href":"https:\/\/www.keramika.com\/slovenija\/wp-json\/wp\/v2\/product_cat?post=105769"},{"taxonomy":"product_tag","embeddable":true,"href":"https:\/\/www.keramika.com\/slovenija\/wp-json\/wp\/v2\/product_tag?post=105769"}],"curies":[{"name":"wp","href":"https:\/\/api.w.org\/{rel}","templated":true}]}}