{"id":105757,"date":"2017-03-23T01:03:48","date_gmt":"2017-03-23T01:03:48","guid":{"rendered":"http:\/\/keramika.holest.com\/slovenija\/product\/stekleni-mozaik-hd-decoration08_5\/"},"modified":"2026-01-04T00:02:09","modified_gmt":"2026-01-04T00:02:09","slug":"stekleni-mozaik-hd-decoration08_5","status":"publish","type":"product","link":"https:\/\/www.keramika.com\/slovenija\/stekleni-mozaik-hd-decoration08_5\/","title":{"rendered":"Stekleni mozaik hd decoration08_5"},"content":{"rendered":"<p>Ta mozaik je debel 5 mm in je zelo trpe\u017een. Keramika v beli barvi popestri vsak prostor. Z 31,6&#215;31,6 cm je mre\u017ea na katero so pripete te mozaik plo\u0161\u010dice primerna za razli\u010dne podlage. Glass mosaic hd decoration08_5 je na voljo po zelo ugodni ceni 500 EUR. Ta mozaik je izdelal proizvajalec Mosavit Mosaico, ki prihaja iz \u0160panije.<\/p>\n<p>Unikatni mozaik!<br \/>Po\u0161ljite nam va\u0161o fotografijo. Originalni na\u010din izdelave steklenega mozaika nam omogo\u010da, da to fotografijo prenesemo in vtisnemo v steklo.<br \/>Lepota, ki traja!<\/p>\n<p>Technical description: High definition mosaic \u2013 For a project or for your bathroom, high definition mosaic is a great way to get ceramics exactly as you want it, completely unique! How does it work? You send us any picture by your desire and we impetrate it into glass mosaic.<\/p>\n","protected":false},"excerpt":{"rendered":"<p>Ta mozaik je debel 5 mm in je zelo trpe\u017een. Keramika v beli barvi popestri vsak prostor. Z 31,6&#215;31,6 cm je mre\u017ea na katero so pripete te mozaik plo\u0161\u010dice primerna za razli\u010dne podlage. Glass mosaic hd decoration08_5 je na voljo po zelo ugodni ceni 500 EUR. Ta mozaik je izdelal proizvajalec Mosavit Mosaico, ki prihaja [&hellip;]<\/p>\n","protected":false},"featured_media":105758,"template":"","meta":[],"product_cat":[999405,400,999,410,300],"product_tag":[],"_links":{"self":[{"href":"https:\/\/www.keramika.com\/slovenija\/wp-json\/wp\/v2\/product\/105757"}],"collection":[{"href":"https:\/\/www.keramika.com\/slovenija\/wp-json\/wp\/v2\/product"}],"about":[{"href":"https:\/\/www.keramika.com\/slovenija\/wp-json\/wp\/v2\/types\/product"}],"wp:featuredmedia":[{"embeddable":true,"href":"https:\/\/www.keramika.com\/slovenija\/wp-json\/wp\/v2\/media\/105758"}],"wp:attachment":[{"href":"https:\/\/www.keramika.com\/slovenija\/wp-json\/wp\/v2\/media?parent=105757"}],"wp:term":[{"taxonomy":"product_cat","embeddable":true,"href":"https:\/\/www.keramika.com\/slovenija\/wp-json\/wp\/v2\/product_cat?post=105757"},{"taxonomy":"product_tag","embeddable":true,"href":"https:\/\/www.keramika.com\/slovenija\/wp-json\/wp\/v2\/product_tag?post=105757"}],"curies":[{"name":"wp","href":"https:\/\/api.w.org\/{rel}","templated":true}]}}