{"id":105751,"date":"2017-03-23T01:03:27","date_gmt":"2017-03-23T01:03:27","guid":{"rendered":"http:\/\/keramika.holest.com\/slovenija\/product\/stekleni-mozaik-hd-decoration08_2\/"},"modified":"2026-01-04T00:02:09","modified_gmt":"2026-01-04T00:02:09","slug":"stekleni-mozaik-hd-decoration08_2","status":"publish","type":"product","link":"https:\/\/www.keramika.com\/slovenija\/stekleni-mozaik-hd-decoration08_2\/","title":{"rendered":"Stekleni mozaik hd decoration08_2"},"content":{"rendered":"<p>5 mm je debelina, ki zadovolji tudi zahtevnej\u0161e kupce. Z velikostjo mre\u017ee 31,6&#215;31,6 cm na katero je pripet, je ta mozaik primeren ze razli\u010dne povr\u0161ine. Ta mozaik plo\u0161\u010dica v \u010dudoviti beli barvi bo obogatila vsak prostor. Namesto 625 EUR kot bi za ta mozaik od\u0161teli v klasi\u010dni trgovini, boste v na\u0161i spletni prodajalni od\u0161teli le 500 EUR. Prihaja iz \u0160panije, ki po svetu slovi kot ena bolj\u0161ih proizvajalk kerami\u010dnih plo\u0161\u010dic.<\/p>\n<p>Unikatni mozaik!<br \/>Po\u0161ljite nam va\u0161o fotografijo. Originalni na\u010din izdelave steklenega mozaika nam omogo\u010da, da to fotografijo prenesemo in vtisnemo v steklo.<br \/>Lepota, ki traja!<\/p>\n<p>Technical description: High definition mosaic \u2013 For a project or for your bathroom, high definition mosaic is a great way to get ceramics exactly as you want it, completely unique! How does it work? You send us any picture by your desire and we impetrate it into glass mosaic.<\/p>\n","protected":false},"excerpt":{"rendered":"<p>5 mm je debelina, ki zadovolji tudi zahtevnej\u0161e kupce. Z velikostjo mre\u017ee 31,6&#215;31,6 cm na katero je pripet, je ta mozaik primeren ze razli\u010dne povr\u0161ine. Ta mozaik plo\u0161\u010dica v \u010dudoviti beli barvi bo obogatila vsak prostor. Namesto 625 EUR kot bi za ta mozaik od\u0161teli v klasi\u010dni trgovini, boste v na\u0161i spletni prodajalni od\u0161teli le [&hellip;]<\/p>\n","protected":false},"featured_media":105752,"template":"","meta":[],"product_cat":[999405,400,999,410,300],"product_tag":[],"_links":{"self":[{"href":"https:\/\/www.keramika.com\/slovenija\/wp-json\/wp\/v2\/product\/105751"}],"collection":[{"href":"https:\/\/www.keramika.com\/slovenija\/wp-json\/wp\/v2\/product"}],"about":[{"href":"https:\/\/www.keramika.com\/slovenija\/wp-json\/wp\/v2\/types\/product"}],"wp:featuredmedia":[{"embeddable":true,"href":"https:\/\/www.keramika.com\/slovenija\/wp-json\/wp\/v2\/media\/105752"}],"wp:attachment":[{"href":"https:\/\/www.keramika.com\/slovenija\/wp-json\/wp\/v2\/media?parent=105751"}],"wp:term":[{"taxonomy":"product_cat","embeddable":true,"href":"https:\/\/www.keramika.com\/slovenija\/wp-json\/wp\/v2\/product_cat?post=105751"},{"taxonomy":"product_tag","embeddable":true,"href":"https:\/\/www.keramika.com\/slovenija\/wp-json\/wp\/v2\/product_tag?post=105751"}],"curies":[{"name":"wp","href":"https:\/\/api.w.org\/{rel}","templated":true}]}}