{"id":105743,"date":"2017-03-23T01:03:03","date_gmt":"2017-03-23T01:03:03","guid":{"rendered":"http:\/\/keramika.holest.com\/slovenija\/product\/stekleni-mozaik-hd-decoration07_3\/"},"modified":"2026-01-04T00:02:08","modified_gmt":"2026-01-04T00:02:08","slug":"stekleni-mozaik-hd-decoration07_3","status":"publish","type":"product","link":"https:\/\/www.keramika.com\/slovenija\/stekleni-mozaik-hd-decoration07_3\/","title":{"rendered":"Stekleni mozaik hd decoration07_3"},"content":{"rendered":"<p>Pri izbiri mozaika v glavni beli barvi ne morete zgre\u0161iti. Prihaja iz \u0160panije, ki po svetu slovi kot ena bolj\u0161ih proizvajalk kerami\u010dnih plo\u0161\u010dic. Debelina kar 5 mm dela ta mozaik zelo trpe\u017een in presti\u017een na otip. Glass mosaic hd decoration07_3 je na voljo po zelo ugodni ceni 500 EUR. Z velikostjo mre\u017ee 31,6&#215;31,6 cm na katero je pripet, je ta mozaik primeren ze razli\u010dne povr\u0161ine.<\/p>\n<p>Unikatni mozaik!<br \/>Po\u0161ljite nam va\u0161o fotografijo. Originalni na\u010din izdelave steklenega mozaika nam omogo\u010da, da to fotografijo prenesemo in vtisnemo v steklo.<br \/>Lepota, ki traja!<\/p>\n<p>Technical description: High definition mosaic \u2013 For a project or for your bathroom, high definition mosaic is a great way to get ceramics exactly as you want it, completely unique! How does it work? You send us any picture by your desire and we impetrate it into glass mosaic.<\/p>\n","protected":false},"excerpt":{"rendered":"<p>Pri izbiri mozaika v glavni beli barvi ne morete zgre\u0161iti. Prihaja iz \u0160panije, ki po svetu slovi kot ena bolj\u0161ih proizvajalk kerami\u010dnih plo\u0161\u010dic. Debelina kar 5 mm dela ta mozaik zelo trpe\u017een in presti\u017een na otip. Glass mosaic hd decoration07_3 je na voljo po zelo ugodni ceni 500 EUR. Z velikostjo mre\u017ee 31,6&#215;31,6 cm na [&hellip;]<\/p>\n","protected":false},"featured_media":105744,"template":"","meta":[],"product_cat":[999405,400,999,410,300],"product_tag":[],"_links":{"self":[{"href":"https:\/\/www.keramika.com\/slovenija\/wp-json\/wp\/v2\/product\/105743"}],"collection":[{"href":"https:\/\/www.keramika.com\/slovenija\/wp-json\/wp\/v2\/product"}],"about":[{"href":"https:\/\/www.keramika.com\/slovenija\/wp-json\/wp\/v2\/types\/product"}],"wp:featuredmedia":[{"embeddable":true,"href":"https:\/\/www.keramika.com\/slovenija\/wp-json\/wp\/v2\/media\/105744"}],"wp:attachment":[{"href":"https:\/\/www.keramika.com\/slovenija\/wp-json\/wp\/v2\/media?parent=105743"}],"wp:term":[{"taxonomy":"product_cat","embeddable":true,"href":"https:\/\/www.keramika.com\/slovenija\/wp-json\/wp\/v2\/product_cat?post=105743"},{"taxonomy":"product_tag","embeddable":true,"href":"https:\/\/www.keramika.com\/slovenija\/wp-json\/wp\/v2\/product_tag?post=105743"}],"curies":[{"name":"wp","href":"https:\/\/api.w.org\/{rel}","templated":true}]}}