{"id":105735,"date":"2017-03-23T01:02:39","date_gmt":"2017-03-23T01:02:39","guid":{"rendered":"http:\/\/keramika.holest.com\/slovenija\/product\/stekleni-mozaik-hd-decoration06_2\/"},"modified":"2026-01-04T00:02:07","modified_gmt":"2026-01-04T00:02:07","slug":"stekleni-mozaik-hd-decoration06_2","status":"publish","type":"product","link":"https:\/\/www.keramika.com\/slovenija\/stekleni-mozaik-hd-decoration06_2\/","title":{"rendered":"Stekleni mozaik hd decoration06_2"},"content":{"rendered":"<p>Redna cena tega mozaika v maloprodaji zna\u0161a 625 EUR, v na\u0161i spletni trgovini pa ga lahko dobite \u017ee za 500 EUR. Ta mozaik plo\u0161\u010dica prihaja iz \u0160panije, ki je znana po kvalitetni keramiki. Ta model mozaik plo\u0161\u010dic se najbolje prodaja v beli barvi. Z velikostjo mre\u017ee 31,6&#215;31,6 cm na katero je pripet, je ta mozaik primeren ze razli\u010dne povr\u0161ine. Ta mozaik je debel 5 mm in je zelo trpe\u017een.<\/p>\n<p>Unikatni mozaik!<br \/>Po\u0161ljite nam va\u0161o fotografijo. Originalni na\u010din izdelave steklenega mozaika nam omogo\u010da, da to fotografijo prenesemo in vtisnemo v steklo.<br \/>Lepota, ki traja!<\/p>\n<p>Technical description: High definition mosaic \u2013 For a project or for your bathroom, high definition mosaic is a great way to get ceramics exactly as you want it, completely unique! How does it work? You send us any picture by your desire and we impetrate it into glass mosaic.<\/p>\n","protected":false},"excerpt":{"rendered":"<p>Redna cena tega mozaika v maloprodaji zna\u0161a 625 EUR, v na\u0161i spletni trgovini pa ga lahko dobite \u017ee za 500 EUR. Ta mozaik plo\u0161\u010dica prihaja iz \u0160panije, ki je znana po kvalitetni keramiki. Ta model mozaik plo\u0161\u010dic se najbolje prodaja v beli barvi. Z velikostjo mre\u017ee 31,6&#215;31,6 cm na katero je pripet, je ta mozaik [&hellip;]<\/p>\n","protected":false},"featured_media":105736,"template":"","meta":[],"product_cat":[999405,400,999,410,300],"product_tag":[],"_links":{"self":[{"href":"https:\/\/www.keramika.com\/slovenija\/wp-json\/wp\/v2\/product\/105735"}],"collection":[{"href":"https:\/\/www.keramika.com\/slovenija\/wp-json\/wp\/v2\/product"}],"about":[{"href":"https:\/\/www.keramika.com\/slovenija\/wp-json\/wp\/v2\/types\/product"}],"wp:featuredmedia":[{"embeddable":true,"href":"https:\/\/www.keramika.com\/slovenija\/wp-json\/wp\/v2\/media\/105736"}],"wp:attachment":[{"href":"https:\/\/www.keramika.com\/slovenija\/wp-json\/wp\/v2\/media?parent=105735"}],"wp:term":[{"taxonomy":"product_cat","embeddable":true,"href":"https:\/\/www.keramika.com\/slovenija\/wp-json\/wp\/v2\/product_cat?post=105735"},{"taxonomy":"product_tag","embeddable":true,"href":"https:\/\/www.keramika.com\/slovenija\/wp-json\/wp\/v2\/product_tag?post=105735"}],"curies":[{"name":"wp","href":"https:\/\/api.w.org\/{rel}","templated":true}]}}