{"id":105727,"date":"2017-03-23T01:02:16","date_gmt":"2017-03-23T01:02:16","guid":{"rendered":"http:\/\/keramika.holest.com\/slovenija\/product\/stekleni-mozaik-hd-decoration05_5\/"},"modified":"2026-01-04T00:02:06","modified_gmt":"2026-01-04T00:02:06","slug":"stekleni-mozaik-hd-decoration05_5","status":"publish","type":"product","link":"https:\/\/www.keramika.com\/slovenija\/stekleni-mozaik-hd-decoration05_5\/","title":{"rendered":"Stekleni mozaik hd decoration05_5"},"content":{"rendered":"<p>Ta mozaik je izdelal proizvajalec Mosavit Mosaico, ki prihaja iz \u0160panije. Redna cena tega mozaika v maloprodaji zna\u0161a 625 EUR, v na\u0161i spletni trgovini pa ga lahko dobite \u017ee za 500 EUR. 5 mm je debelina, ki zadovolji tudi zahtevnej\u0161e kupce. Velikost mre\u017ee z mozaikom je 31,6&#215;31,6 cm, kar omogo\u010da enostavno polaganje. Zelo moderen mozaik v dominanti beli barvi popestri prav vsak prostor.<\/p>\n<p>Unikatni mozaik!<br \/>Po\u0161ljite nam va\u0161o fotografijo. Originalni na\u010din izdelave steklenega mozaika nam omogo\u010da, da to fotografijo prenesemo in vtisnemo v steklo.<br \/>Lepota, ki traja!<\/p>\n<p>Technical description: High definition mosaic \u2013 For a project or for your bathroom, high definition mosaic is a great way to get ceramics exactly as you want it, completely unique! How does it work? You send us any picture by your desire and we impetrate it into glass mosaic.<\/p>\n","protected":false},"excerpt":{"rendered":"<p>Ta mozaik je izdelal proizvajalec Mosavit Mosaico, ki prihaja iz \u0160panije. Redna cena tega mozaika v maloprodaji zna\u0161a 625 EUR, v na\u0161i spletni trgovini pa ga lahko dobite \u017ee za 500 EUR. 5 mm je debelina, ki zadovolji tudi zahtevnej\u0161e kupce. Velikost mre\u017ee z mozaikom je 31,6&#215;31,6 cm, kar omogo\u010da enostavno polaganje. Zelo moderen mozaik [&hellip;]<\/p>\n","protected":false},"featured_media":105728,"template":"","meta":[],"product_cat":[999405,400,999,410,300],"product_tag":[],"_links":{"self":[{"href":"https:\/\/www.keramika.com\/slovenija\/wp-json\/wp\/v2\/product\/105727"}],"collection":[{"href":"https:\/\/www.keramika.com\/slovenija\/wp-json\/wp\/v2\/product"}],"about":[{"href":"https:\/\/www.keramika.com\/slovenija\/wp-json\/wp\/v2\/types\/product"}],"wp:featuredmedia":[{"embeddable":true,"href":"https:\/\/www.keramika.com\/slovenija\/wp-json\/wp\/v2\/media\/105728"}],"wp:attachment":[{"href":"https:\/\/www.keramika.com\/slovenija\/wp-json\/wp\/v2\/media?parent=105727"}],"wp:term":[{"taxonomy":"product_cat","embeddable":true,"href":"https:\/\/www.keramika.com\/slovenija\/wp-json\/wp\/v2\/product_cat?post=105727"},{"taxonomy":"product_tag","embeddable":true,"href":"https:\/\/www.keramika.com\/slovenija\/wp-json\/wp\/v2\/product_tag?post=105727"}],"curies":[{"name":"wp","href":"https:\/\/api.w.org\/{rel}","templated":true}]}}