{"id":105689,"date":"2017-03-23T01:00:25","date_gmt":"2017-03-23T01:00:25","guid":{"rendered":"http:\/\/keramika.holest.com\/slovenija\/product\/stekleni-mozaik-hd-decoration02_3\/"},"modified":"2026-01-04T00:02:02","modified_gmt":"2026-01-04T00:02:02","slug":"stekleni-mozaik-hd-decoration02_3","status":"publish","type":"product","link":"https:\/\/www.keramika.com\/slovenija\/stekleni-mozaik-hd-decoration02_3\/","title":{"rendered":"Stekleni mozaik hd decoration02_3"},"content":{"rendered":"<p>Velikost mre\u017ee z mozaikom je 31,6&#215;31,6 cm, kar omogo\u010da enostavno polaganje. Pri izbiri mozaika v glavni beli barvi ne morete zgre\u0161iti. Glass mosaic hd decoration02_3 prihaja iz \u0160panije, ki je znana po zelo kvalitetni keramiki v svetovnem merilu. 5 mm debeline je dovolj tudi za zahtevnej\u0161e kupce. Namesto 625 EUR kot bi za ta mozaik od\u0161teli v klasi\u010dni trgovini, boste v na\u0161i spletni prodajalni od\u0161teli le 500 EUR.<\/p>\n<p>Unikatni mozaik!<br \/>Po\u0161ljite nam va\u0161o fotografijo. Originalni na\u010din izdelave steklenega mozaika nam omogo\u010da, da to fotografijo prenesemo in vtisnemo v steklo.<br \/>Lepota, ki traja!<\/p>\n<p>Technical description: High definition mosaic \u2013 For a project or for your bathroom, high definition mosaic is a great way to get ceramics exactly as you want it, completely unique! How does it work? You send us any picture by your desire and we impetrate it into glass mosaic.<\/p>\n","protected":false},"excerpt":{"rendered":"<p>Velikost mre\u017ee z mozaikom je 31,6&#215;31,6 cm, kar omogo\u010da enostavno polaganje. Pri izbiri mozaika v glavni beli barvi ne morete zgre\u0161iti. Glass mosaic hd decoration02_3 prihaja iz \u0160panije, ki je znana po zelo kvalitetni keramiki v svetovnem merilu. 5 mm debeline je dovolj tudi za zahtevnej\u0161e kupce. Namesto 625 EUR kot bi za ta mozaik [&hellip;]<\/p>\n","protected":false},"featured_media":105690,"template":"","meta":[],"product_cat":[999405,400,999,410,300],"product_tag":[],"_links":{"self":[{"href":"https:\/\/www.keramika.com\/slovenija\/wp-json\/wp\/v2\/product\/105689"}],"collection":[{"href":"https:\/\/www.keramika.com\/slovenija\/wp-json\/wp\/v2\/product"}],"about":[{"href":"https:\/\/www.keramika.com\/slovenija\/wp-json\/wp\/v2\/types\/product"}],"wp:featuredmedia":[{"embeddable":true,"href":"https:\/\/www.keramika.com\/slovenija\/wp-json\/wp\/v2\/media\/105690"}],"wp:attachment":[{"href":"https:\/\/www.keramika.com\/slovenija\/wp-json\/wp\/v2\/media?parent=105689"}],"wp:term":[{"taxonomy":"product_cat","embeddable":true,"href":"https:\/\/www.keramika.com\/slovenija\/wp-json\/wp\/v2\/product_cat?post=105689"},{"taxonomy":"product_tag","embeddable":true,"href":"https:\/\/www.keramika.com\/slovenija\/wp-json\/wp\/v2\/product_tag?post=105689"}],"curies":[{"name":"wp","href":"https:\/\/api.w.org\/{rel}","templated":true}]}}