{"id":105675,"date":"2017-03-23T00:59:41","date_gmt":"2017-03-23T00:59:41","guid":{"rendered":"http:\/\/keramika.holest.com\/slovenija\/product\/stekleni-mozaik-hd-decoration01_1\/"},"modified":"2026-01-04T00:02:00","modified_gmt":"2026-01-04T00:02:00","slug":"stekleni-mozaik-hd-decoration01_1","status":"publish","type":"product","link":"https:\/\/www.keramika.com\/slovenija\/stekleni-mozaik-hd-decoration01_1\/","title":{"rendered":"Stekleni mozaik hd decoration01_1"},"content":{"rendered":"<p>Debelina kar 5 mm dela ta mozaik zelo trpe\u017een in presti\u017een na otip. Dimenzije mre\u017ee na katero je pripet ta mozaik so 31,6&#215;31,6 cm. Mre\u017ea omogo\u010da enostavnej\u0161e polaganje. Redna cena tega mozaika v maloprodaji zna\u0161a 625 EUR, v na\u0161i spletni trgovini pa ga lahko dobite \u017ee za 500 EUR. Letos so mozaiki v beli barvi zelo za\u017eeljeni. Ta mozaik plo\u0161\u010dica prihaja iz \u0160panije, ki je znana po kvalitetni keramiki.<\/p>\n<p>Unikatni mozaik!<br \/>Po\u0161ljite nam va\u0161o fotografijo. Originalni na\u010din izdelave steklenega mozaika nam omogo\u010da, da to fotografijo prenesemo in vtisnemo v steklo.<br \/>Lepota, ki traja!<\/p>\n<p>Technical description: High definition mosaic \u2013 For a project or for your bathroom, high definition mosaic is a great way to get ceramics exactly as you want it, completely unique! How does it work? You send us any picture by your desire and we impetrate it into glass mosaic.<\/p>\n","protected":false},"excerpt":{"rendered":"<p>Debelina kar 5 mm dela ta mozaik zelo trpe\u017een in presti\u017een na otip. Dimenzije mre\u017ee na katero je pripet ta mozaik so 31,6&#215;31,6 cm. Mre\u017ea omogo\u010da enostavnej\u0161e polaganje. Redna cena tega mozaika v maloprodaji zna\u0161a 625 EUR, v na\u0161i spletni trgovini pa ga lahko dobite \u017ee za 500 EUR. Letos so mozaiki v beli barvi [&hellip;]<\/p>\n","protected":false},"featured_media":105676,"template":"","meta":[],"product_cat":[999405,400,999,410,300],"product_tag":[],"_links":{"self":[{"href":"https:\/\/www.keramika.com\/slovenija\/wp-json\/wp\/v2\/product\/105675"}],"collection":[{"href":"https:\/\/www.keramika.com\/slovenija\/wp-json\/wp\/v2\/product"}],"about":[{"href":"https:\/\/www.keramika.com\/slovenija\/wp-json\/wp\/v2\/types\/product"}],"wp:featuredmedia":[{"embeddable":true,"href":"https:\/\/www.keramika.com\/slovenija\/wp-json\/wp\/v2\/media\/105676"}],"wp:attachment":[{"href":"https:\/\/www.keramika.com\/slovenija\/wp-json\/wp\/v2\/media?parent=105675"}],"wp:term":[{"taxonomy":"product_cat","embeddable":true,"href":"https:\/\/www.keramika.com\/slovenija\/wp-json\/wp\/v2\/product_cat?post=105675"},{"taxonomy":"product_tag","embeddable":true,"href":"https:\/\/www.keramika.com\/slovenija\/wp-json\/wp\/v2\/product_tag?post=105675"}],"curies":[{"name":"wp","href":"https:\/\/api.w.org\/{rel}","templated":true}]}}