{"id":105661,"date":"2017-03-23T00:59:02","date_gmt":"2017-03-23T00:59:02","guid":{"rendered":"http:\/\/keramika.holest.com\/slovenija\/product\/stekleni-mozaik-hd-bathroom03_7\/"},"modified":"2026-01-04T00:01:59","modified_gmt":"2026-01-04T00:01:59","slug":"stekleni-mozaik-hd-bathroom03_7","status":"publish","type":"product","link":"https:\/\/www.keramika.com\/slovenija\/stekleni-mozaik-hd-bathroom03_7\/","title":{"rendered":"Stekleni mozaik hd bathroom03_7"},"content":{"rendered":"<p>Mozaik na sliki je pripet na mre\u017eo, kar olaj\u0161a njegovo polaganje. Mre\u017ea je velika 31,6&#215;31,6 cm. Ta mozaik je izdelal proizvajalec Mosavit Mosaico, ki prihaja iz \u0160panije. Zaradi ni\u017ejih stro\u0161kov pri spletni prodaji boste na na\u0161i strani za ta mozaik od\u0161teli le 500 EUR. Zelo moderen mozaik v dominanti beli barvi popestri prav vsak prostor. Mozaik je debel kar 5 mm, kar ga uvr\u0161\u010da med bolj trde mozaik plo\u0161\u010dice.<\/p>\n<p>Unikatni mozaik!<br \/>Po\u0161ljite nam va\u0161o fotografijo. Originalni na\u010din izdelave steklenega mozaika nam omogo\u010da, da to fotografijo prenesemo in vtisnemo v steklo.<br \/>Lepota, ki traja!<\/p>\n<p>Technical description: High definition mosaic \u2013 For a project or for your bathroom, high definition mosaic is a great way to get ceramics exactly as you want it, completely unique! How does it work? You send us any picture by your desire and we impetrate it into glass mosaic.<\/p>\n","protected":false},"excerpt":{"rendered":"<p>Mozaik na sliki je pripet na mre\u017eo, kar olaj\u0161a njegovo polaganje. Mre\u017ea je velika 31,6&#215;31,6 cm. Ta mozaik je izdelal proizvajalec Mosavit Mosaico, ki prihaja iz \u0160panije. Zaradi ni\u017ejih stro\u0161kov pri spletni prodaji boste na na\u0161i strani za ta mozaik od\u0161teli le 500 EUR. Zelo moderen mozaik v dominanti beli barvi popestri prav vsak prostor. [&hellip;]<\/p>\n","protected":false},"featured_media":105662,"template":"","meta":[],"product_cat":[999405,400,999,410,300],"product_tag":[],"_links":{"self":[{"href":"https:\/\/www.keramika.com\/slovenija\/wp-json\/wp\/v2\/product\/105661"}],"collection":[{"href":"https:\/\/www.keramika.com\/slovenija\/wp-json\/wp\/v2\/product"}],"about":[{"href":"https:\/\/www.keramika.com\/slovenija\/wp-json\/wp\/v2\/types\/product"}],"wp:featuredmedia":[{"embeddable":true,"href":"https:\/\/www.keramika.com\/slovenija\/wp-json\/wp\/v2\/media\/105662"}],"wp:attachment":[{"href":"https:\/\/www.keramika.com\/slovenija\/wp-json\/wp\/v2\/media?parent=105661"}],"wp:term":[{"taxonomy":"product_cat","embeddable":true,"href":"https:\/\/www.keramika.com\/slovenija\/wp-json\/wp\/v2\/product_cat?post=105661"},{"taxonomy":"product_tag","embeddable":true,"href":"https:\/\/www.keramika.com\/slovenija\/wp-json\/wp\/v2\/product_tag?post=105661"}],"curies":[{"name":"wp","href":"https:\/\/api.w.org\/{rel}","templated":true}]}}