{"id":105625,"date":"2017-03-23T00:57:18","date_gmt":"2017-03-23T00:57:18","guid":{"rendered":"http:\/\/keramika.holest.com\/slovenija\/product\/stekleni-mozaik-hd-09\/"},"modified":"2026-01-04T00:01:54","modified_gmt":"2026-01-04T00:01:54","slug":"stekleni-mozaik-hd-09","status":"publish","type":"product","link":"https:\/\/www.keramika.com\/slovenija\/stekleni-mozaik-hd-09\/","title":{"rendered":"Stekleni mozaik hd 09"},"content":{"rendered":"<p>Ta mozaik je izdelal proizvajalec Mosavit Mosaico, ki prihaja iz \u0160panije. 5 mm je debelina, ki zadovolji tudi zahtevnej\u0161e kupce. Pri izbiri mozaika v glavni beli barvi ne morete zgre\u0161iti. Mozaik na sliki je pripet na mre\u017eo, kar olaj\u0161a njegovo polaganje. Mre\u017ea je velika 31,6&#215;31,6 cm. Zaradi ni\u017ejih stro\u0161kov pri spletni prodaji boste na na\u0161i strani za ta mozaik od\u0161teli le 500 EUR.<\/p>\n<p>Unikatni mozaik!<br \/>Po\u0161ljite nam va\u0161o fotografijo. Originalni na\u010din izdelave steklenega mozaika nam omogo\u010da, da to fotografijo prenesemo in vtisnemo v steklo.<br \/>Lepota, ki traja!<\/p>\n<p>Technical description: High definition mosaic \u2013 For a project or for your bathroom, high definition mosaic is a great way to get ceramics exactly as you want it, completely unique! How does it work? You send us any picture by your desire and we impetrate it into glass mosaic.<\/p>\n","protected":false},"excerpt":{"rendered":"<p>Ta mozaik je izdelal proizvajalec Mosavit Mosaico, ki prihaja iz \u0160panije. 5 mm je debelina, ki zadovolji tudi zahtevnej\u0161e kupce. Pri izbiri mozaika v glavni beli barvi ne morete zgre\u0161iti. Mozaik na sliki je pripet na mre\u017eo, kar olaj\u0161a njegovo polaganje. Mre\u017ea je velika 31,6&#215;31,6 cm. Zaradi ni\u017ejih stro\u0161kov pri spletni prodaji boste na na\u0161i [&hellip;]<\/p>\n","protected":false},"featured_media":105626,"template":"","meta":[],"product_cat":[999405,400,999,410,300],"product_tag":[],"_links":{"self":[{"href":"https:\/\/www.keramika.com\/slovenija\/wp-json\/wp\/v2\/product\/105625"}],"collection":[{"href":"https:\/\/www.keramika.com\/slovenija\/wp-json\/wp\/v2\/product"}],"about":[{"href":"https:\/\/www.keramika.com\/slovenija\/wp-json\/wp\/v2\/types\/product"}],"wp:featuredmedia":[{"embeddable":true,"href":"https:\/\/www.keramika.com\/slovenija\/wp-json\/wp\/v2\/media\/105626"}],"wp:attachment":[{"href":"https:\/\/www.keramika.com\/slovenija\/wp-json\/wp\/v2\/media?parent=105625"}],"wp:term":[{"taxonomy":"product_cat","embeddable":true,"href":"https:\/\/www.keramika.com\/slovenija\/wp-json\/wp\/v2\/product_cat?post=105625"},{"taxonomy":"product_tag","embeddable":true,"href":"https:\/\/www.keramika.com\/slovenija\/wp-json\/wp\/v2\/product_tag?post=105625"}],"curies":[{"name":"wp","href":"https:\/\/api.w.org\/{rel}","templated":true}]}}