{"id":105613,"date":"2017-03-23T00:56:45","date_gmt":"2017-03-23T00:56:45","guid":{"rendered":"http:\/\/keramika.holest.com\/slovenija\/product\/stekleni-mozaik-hd-03\/"},"modified":"2026-01-04T00:01:53","modified_gmt":"2026-01-04T00:01:53","slug":"stekleni-mozaik-hd-03","status":"publish","type":"product","link":"https:\/\/www.keramika.com\/slovenija\/stekleni-mozaik-hd-03\/","title":{"rendered":"Stekleni mozaik hd 03"},"content":{"rendered":"<p>Ta mozaik je debel 5 mm in je zelo trpe\u017een. 625 EUR v klasi\u010dni trgovini, pri nas pa le 500 EUR. \u0160irina in dol\u017eina mre\u017ee na katero je pripet ta mozaik sta 31,6&#215;31,6 cm. Mre\u017eo lahko enostavno polo\u017eite na razli\u010dne povr\u0161ine. Zelo moderen mozaik v dominanti beli barvi popestri prav vsak prostor. Glass mosaic hd 03 prihaja iz \u0160panije, ki je znana po zelo kvalitetni keramiki v svetovnem merilu.<\/p>\n<p>Unikatni mozaik!<br \/>Po\u0161ljite nam va\u0161o fotografijo. Originalni na\u010din izdelave steklenega mozaika nam omogo\u010da, da to fotografijo prenesemo in vtisnemo v steklo.<br \/>Lepota, ki traja!<\/p>\n<p>Technical description: High definition mosaic \u2013 For a project or for your bathroom, high definition mosaic is a great way to get ceramics exactly as you want it, completely unique! How does it work? You send us any picture by your desire and we impetrate it into glass mosaic.<\/p>\n","protected":false},"excerpt":{"rendered":"<p>Ta mozaik je debel 5 mm in je zelo trpe\u017een. 625 EUR v klasi\u010dni trgovini, pri nas pa le 500 EUR. \u0160irina in dol\u017eina mre\u017ee na katero je pripet ta mozaik sta 31,6&#215;31,6 cm. Mre\u017eo lahko enostavno polo\u017eite na razli\u010dne povr\u0161ine. Zelo moderen mozaik v dominanti beli barvi popestri prav vsak prostor. Glass mosaic hd [&hellip;]<\/p>\n","protected":false},"featured_media":105614,"template":"","meta":[],"product_cat":[999405,400,999,410,300],"product_tag":[],"_links":{"self":[{"href":"https:\/\/www.keramika.com\/slovenija\/wp-json\/wp\/v2\/product\/105613"}],"collection":[{"href":"https:\/\/www.keramika.com\/slovenija\/wp-json\/wp\/v2\/product"}],"about":[{"href":"https:\/\/www.keramika.com\/slovenija\/wp-json\/wp\/v2\/types\/product"}],"wp:featuredmedia":[{"embeddable":true,"href":"https:\/\/www.keramika.com\/slovenija\/wp-json\/wp\/v2\/media\/105614"}],"wp:attachment":[{"href":"https:\/\/www.keramika.com\/slovenija\/wp-json\/wp\/v2\/media?parent=105613"}],"wp:term":[{"taxonomy":"product_cat","embeddable":true,"href":"https:\/\/www.keramika.com\/slovenija\/wp-json\/wp\/v2\/product_cat?post=105613"},{"taxonomy":"product_tag","embeddable":true,"href":"https:\/\/www.keramika.com\/slovenija\/wp-json\/wp\/v2\/product_tag?post=105613"}],"curies":[{"name":"wp","href":"https:\/\/api.w.org\/{rel}","templated":true}]}}