{"id":105600,"date":"2017-05-23T00:56:20","date_gmt":"2017-05-23T00:56:20","guid":{"rendered":"http:\/\/keramika.holest.com\/slovenija\/product\/ceramicas-aparici-cool-black\/"},"modified":"2017-06-06T12:34:07","modified_gmt":"2017-06-06T12:34:07","slug":"ceramicas-aparici-cool-black","status":"publish","type":"product","link":"https:\/\/www.keramika.com\/slovenija\/ceramicas-aparici-cool-black\/","title":{"rendered":"Ceramicas Aparici Cool Black"},"content":{"rendered":"<p>Keramika v \u010drni barvi popestri vsak prostor. To plo\u0161\u010dico je izdelal proizvajalec Aparici, ki prihaja iz \u0160panije. Z 20&#215;20 cm je ta plo\u0161\u010dica primerna za razli\u010dne podlage. Plo\u0161\u010dica je debela kar 8 mm, kar jo uvr\u0161\u010da med bolj trde plo\u0161\u010dice.<\/p>\n<p>Kliknite na ime kolekcije za ogled vseh plo\u0161\u010dic iz te serije: <a class=\"pdfcatal\" href=\"\/\/www.ceramictiles.com\/pdf\/aparici\/catalogue_aparici_cool.pdf\" onclick=\"recordOutboundLink(this, 'E-mail', 'Description PDF');return false;\">Aparici Cool<\/a><\/p>\n<p>\u010ce \u017eelite naro\u010diti model iz pdf kataloga te kolekcije, nam pi\u0161ite na: <a href=\"mailto:keramoteka.salon@gmail.com\" onclick=\"recordOutboundLink(this, 'E-mail', 'Description mail');return false;\">keramoteka.salon@gmail.com<\/a> ali pa nas pokli\u010dite na: +386 31 255 900.<\/p>\n<p>Technical description: <br \/> W 20&#215;20 cm ; <br \/>Art White ; Art Black ; Art Silver ; Cool White ; Cool Black ; Trend Silver ; Trend Iris ;<\/p>\n","protected":false},"excerpt":{"rendered":"<p>Dekorativna 3D plo\u0161\u010dice za stene<\/p>\n","protected":false},"featured_media":105601,"template":"","meta":[],"product_cat":[999773,200,230,999,250],"product_tag":[99921974,99921978],"_links":{"self":[{"href":"https:\/\/www.keramika.com\/slovenija\/wp-json\/wp\/v2\/product\/105600"}],"collection":[{"href":"https:\/\/www.keramika.com\/slovenija\/wp-json\/wp\/v2\/product"}],"about":[{"href":"https:\/\/www.keramika.com\/slovenija\/wp-json\/wp\/v2\/types\/product"}],"wp:featuredmedia":[{"embeddable":true,"href":"https:\/\/www.keramika.com\/slovenija\/wp-json\/wp\/v2\/media\/105601"}],"wp:attachment":[{"href":"https:\/\/www.keramika.com\/slovenija\/wp-json\/wp\/v2\/media?parent=105600"}],"wp:term":[{"taxonomy":"product_cat","embeddable":true,"href":"https:\/\/www.keramika.com\/slovenija\/wp-json\/wp\/v2\/product_cat?post=105600"},{"taxonomy":"product_tag","embeddable":true,"href":"https:\/\/www.keramika.com\/slovenija\/wp-json\/wp\/v2\/product_tag?post=105600"}],"curies":[{"name":"wp","href":"https:\/\/api.w.org\/{rel}","templated":true}]}}