{"id":105594,"date":"2017-03-23T00:56:04","date_gmt":"2017-03-23T00:56:04","guid":{"rendered":"http:\/\/keramika.holest.com\/slovenija\/product\/ceramicas-aparici-azur-grey\/"},"modified":"2017-03-23T00:56:04","modified_gmt":"2017-03-23T00:56:04","slug":"ceramicas-aparici-azur-grey","status":"publish","type":"product","link":"https:\/\/www.keramika.com\/slovenija\/ceramicas-aparici-azur-grey\/","title":{"rendered":"Ceramicas Aparici Azur Grey"},"content":{"rendered":"<p>Debelina kar 9 mm dela to plo\u0161\u010dico zelo trpe\u017eno in presti\u017eno na otip. To plo\u0161\u010dico je izdelal proizvajalec Aparici, ki prihaja iz \u0160panije. Velikost te plo\u0161\u010dice je 25,1&#215;75,6 cm in je primerna za razli\u010dne povr\u0161ine. Zelo moderna plo\u0161\u010dica v sivi barvi popestri prav vsak prostor.<\/p>\n<p>Kliknite na ime kolekcije za ogled vseh plo\u0161\u010dic iz te serije: <a class=\"pdfcatal\" href=\"\/\/www.ceramictiles.com\/pdf\/aparici\/catalogue_aparici_azur.pdf\" onclick=\"recordOutboundLink(this, 'E-mail', 'Description PDF');return false;\">Aparici Azur<\/a><\/p>\n<p>\u010ce \u017eelite naro\u010diti model iz pdf kataloga te kolekcije, nam pi\u0161ite na: <a href=\"mailto:keramoteka.salon@gmail.com\" onclick=\"recordOutboundLink(this, 'E-mail', 'Description mail');return false;\">keramoteka.salon@gmail.com<\/a> ali pa nas pokli\u010dite na: +386 31 255 900.<\/p>\n<p>Technical description: <br \/> W 25,1&#215;75,6 cm ; F 59,2&#215;59,2 cm <br \/>Azur Ivory ; Azur Ivory Blast ; Azur Grey ; Azur Grey Blast ; Azur Antracita ; Azur Antracita Blast ; Azur Decor ; Azur Ivory Natural ; Azur Ivory Stamp Natural ; Azur Grey Natural ; Azur Grey Stamp Natural ; A<\/p>\n","protected":false},"excerpt":{"rendered":"<p>Debelina kar 9 mm dela to plo\u0161\u010dico zelo trpe\u017eno in presti\u017eno na otip. To plo\u0161\u010dico je izdelal proizvajalec Aparici, ki prihaja iz \u0160panije. Velikost te plo\u0161\u010dice je 25,1&#215;75,6 cm in je primerna za razli\u010dne povr\u0161ine. Zelo moderna plo\u0161\u010dica v sivi barvi popestri prav vsak prostor. Kliknite na ime kolekcije za ogled vseh plo\u0161\u010dic iz te [&hellip;]<\/p>\n","protected":false},"featured_media":105595,"template":"","meta":[],"product_cat":[999773,200,999],"product_tag":[],"_links":{"self":[{"href":"https:\/\/www.keramika.com\/slovenija\/wp-json\/wp\/v2\/product\/105594"}],"collection":[{"href":"https:\/\/www.keramika.com\/slovenija\/wp-json\/wp\/v2\/product"}],"about":[{"href":"https:\/\/www.keramika.com\/slovenija\/wp-json\/wp\/v2\/types\/product"}],"wp:featuredmedia":[{"embeddable":true,"href":"https:\/\/www.keramika.com\/slovenija\/wp-json\/wp\/v2\/media\/105595"}],"wp:attachment":[{"href":"https:\/\/www.keramika.com\/slovenija\/wp-json\/wp\/v2\/media?parent=105594"}],"wp:term":[{"taxonomy":"product_cat","embeddable":true,"href":"https:\/\/www.keramika.com\/slovenija\/wp-json\/wp\/v2\/product_cat?post=105594"},{"taxonomy":"product_tag","embeddable":true,"href":"https:\/\/www.keramika.com\/slovenija\/wp-json\/wp\/v2\/product_tag?post=105594"}],"curies":[{"name":"wp","href":"https:\/\/api.w.org\/{rel}","templated":true}]}}