{"id":105592,"date":"2017-03-23T00:55:57","date_gmt":"2017-03-23T00:55:57","guid":{"rendered":"http:\/\/keramika.holest.com\/slovenija\/product\/ceramicas-aparici-allegro-bianco\/"},"modified":"2017-03-23T00:55:57","modified_gmt":"2017-03-23T00:55:57","slug":"ceramicas-aparici-allegro-bianco","status":"publish","type":"product","link":"https:\/\/www.keramika.com\/slovenija\/ceramicas-aparici-allegro-bianco\/","title":{"rendered":"Ceramicas Aparici Allegro Bianco"},"content":{"rendered":"<p>Plo\u0161\u010dica na sliki je velika 29,75&#215;29,75 cm. Keramika v beli barvi popestri vsak prostor. Ta plo\u0161\u010dica je debela 9 mm in je zelo trpe\u017ena. Ceramicas Aparici Allegro Bianco je pripeljana iz \u0160panije in je zelo kvalitetna.<\/p>\n<p>Kliknite na ime kolekcije za ogled vseh plo\u0161\u010dic iz te serije: <a class=\"pdfcatal\" href=\"\/\/www.ceramictiles.com\/pdf\/aparici\/catalogue_aparici_allegro.pdf\" onclick=\"recordOutboundLink(this, 'E-mail', 'Description PDF');return false;\">Aparici Allegro<\/a><\/p>\n<p>\u010ce \u017eelite naro\u010diti model iz pdf kataloga te kolekcije, nam pi\u0161ite na: <a href=\"mailto:keramoteka.salon@gmail.com\" onclick=\"recordOutboundLink(this, 'E-mail', 'Description mail');return false;\">keramoteka.salon@gmail.com<\/a> ali pa nas pokli\u010dite na: +386 31 255 900.<\/p>\n<p>Technical description: <br \/> W 29,75X89,46 ; F 29,75 x 29,75 <br \/>Allegro Bianco ; Allegro Bianco Mosaico ; Alice Decor ; Context White ; Allegro Bianco Natural ;<\/p>\n","protected":false},"excerpt":{"rendered":"<p>Plo\u0161\u010dica na sliki je velika 29,75&#215;29,75 cm. Keramika v beli barvi popestri vsak prostor. Ta plo\u0161\u010dica je debela 9 mm in je zelo trpe\u017ena. Ceramicas Aparici Allegro Bianco je pripeljana iz \u0160panije in je zelo kvalitetna. Kliknite na ime kolekcije za ogled vseh plo\u0161\u010dic iz te serije: Aparici Allegro \u010ce \u017eelite naro\u010diti model iz pdf [&hellip;]<\/p>\n","protected":false},"featured_media":105593,"template":"","meta":[],"product_cat":[999773,200,999],"product_tag":[],"_links":{"self":[{"href":"https:\/\/www.keramika.com\/slovenija\/wp-json\/wp\/v2\/product\/105592"}],"collection":[{"href":"https:\/\/www.keramika.com\/slovenija\/wp-json\/wp\/v2\/product"}],"about":[{"href":"https:\/\/www.keramika.com\/slovenija\/wp-json\/wp\/v2\/types\/product"}],"wp:featuredmedia":[{"embeddable":true,"href":"https:\/\/www.keramika.com\/slovenija\/wp-json\/wp\/v2\/media\/105593"}],"wp:attachment":[{"href":"https:\/\/www.keramika.com\/slovenija\/wp-json\/wp\/v2\/media?parent=105592"}],"wp:term":[{"taxonomy":"product_cat","embeddable":true,"href":"https:\/\/www.keramika.com\/slovenija\/wp-json\/wp\/v2\/product_cat?post=105592"},{"taxonomy":"product_tag","embeddable":true,"href":"https:\/\/www.keramika.com\/slovenija\/wp-json\/wp\/v2\/product_tag?post=105592"}],"curies":[{"name":"wp","href":"https:\/\/api.w.org\/{rel}","templated":true}]}}