{"id":105590,"date":"2017-04-23T00:55:47","date_gmt":"2017-04-23T00:55:47","guid":{"rendered":"http:\/\/keramika.holest.com\/slovenija\/product\/ceramicas-aparici-acces-red\/"},"modified":"2017-05-29T17:37:52","modified_gmt":"2017-05-29T17:37:52","slug":"ceramicas-aparici-acces-red","status":"publish","type":"product","link":"https:\/\/www.keramika.com\/slovenija\/ceramicas-aparici-acces-red\/","title":{"rendered":"Ceramicas Aparici Acces Red"},"content":{"rendered":"<p>Keramika v rde\u010di barvi popestri vsak prostor. 9 mm je debelina, ki zadovolji tudi zahtevnej\u0161e kupce. Ceramicas Aparici Acces Red je plo\u0161\u010dica proizvajalca Aparici in prihaja iz \u0160panije. Z 25,1&#215;75,6 cm je ta plo\u0161\u010dica primerna za razli\u010dne podlage.<\/p>\n<p>Kliknite na ime kolekcije za ogled vseh plo\u0161\u010dic iz te serije: <a class=\"pdfcatal\" href=\"\/\/www.ceramictiles.com\/pdf\/aparici\/catalogue_aparici_acces.pdf\" onclick=\"recordOutboundLink(this, 'E-mail', 'Description PDF');return false;\">Aparici Acces<\/a><\/p>\n<p>\u010ce \u017eelite naro\u010diti model iz pdf kataloga te kolekcije, nam pi\u0161ite na: <a href=\"mailto:keramoteka.salon@gmail.com\" onclick=\"recordOutboundLink(this, 'E-mail', 'Description mail');return false;\">keramoteka.salon@gmail.com<\/a> ali pa nas pokli\u010dite na: +386 31 255 900.<\/p>\n<p>Technical description: <br \/> W 25,1&#215;75,6 ; F 29,5&#215;29,5 <br \/>Acces Red Sysmic ; Zero Blanco ; Acces White Sysmic ; Acces Black ; Acces Black Sysmic ; Acces Gold Sysmic ; Acces Silver Sysmic ; Zero Blue ; Acces Blue Sysmic ; Acces Lime ; Acces Lime Sysmic ; Zero Red ; Daisy Cua<\/p>\n","protected":false},"excerpt":{"rendered":"<p>Keramika v rde\u010di barvi popestri vsak prostor. 9 mm je debelina, ki zadovolji tudi zahtevnej\u0161e kupce. Ceramicas Aparici Acces Red je plo\u0161\u010dica proizvajalca Aparici in prihaja iz \u0160panije. Z 25,1&#215;75,6 cm je ta plo\u0161\u010dica primerna za razli\u010dne podlage. Kliknite na ime kolekcije za ogled vseh plo\u0161\u010dic iz te serije: Aparici Acces \u010ce \u017eelite naro\u010diti model [&hellip;]<\/p>\n","protected":false},"featured_media":110769,"template":"","meta":[],"product_cat":[999773,200,999],"product_tag":[99921980],"_links":{"self":[{"href":"https:\/\/www.keramika.com\/slovenija\/wp-json\/wp\/v2\/product\/105590"}],"collection":[{"href":"https:\/\/www.keramika.com\/slovenija\/wp-json\/wp\/v2\/product"}],"about":[{"href":"https:\/\/www.keramika.com\/slovenija\/wp-json\/wp\/v2\/types\/product"}],"wp:featuredmedia":[{"embeddable":true,"href":"https:\/\/www.keramika.com\/slovenija\/wp-json\/wp\/v2\/media\/110769"}],"wp:attachment":[{"href":"https:\/\/www.keramika.com\/slovenija\/wp-json\/wp\/v2\/media?parent=105590"}],"wp:term":[{"taxonomy":"product_cat","embeddable":true,"href":"https:\/\/www.keramika.com\/slovenija\/wp-json\/wp\/v2\/product_cat?post=105590"},{"taxonomy":"product_tag","embeddable":true,"href":"https:\/\/www.keramika.com\/slovenija\/wp-json\/wp\/v2\/product_tag?post=105590"}],"curies":[{"name":"wp","href":"https:\/\/api.w.org\/{rel}","templated":true}]}}