{"id":105588,"date":"2017-03-23T00:55:41","date_gmt":"2017-03-23T00:55:41","guid":{"rendered":"http:\/\/keramika.holest.com\/slovenija\/product\/ceramicas-aparici-absolut-gold\/"},"modified":"2017-03-23T00:55:41","modified_gmt":"2017-03-23T00:55:41","slug":"ceramicas-aparici-absolut-gold","status":"publish","type":"product","link":"https:\/\/www.keramika.com\/slovenija\/ceramicas-aparici-absolut-gold\/","title":{"rendered":"Ceramicas Aparici Absolut Gold"},"content":{"rendered":"<p>Debelina kar 9 mm dela to plo\u0161\u010dico zelo trpe\u017eno in presti\u017eno na otip. Pri izbiri plo\u0161\u010dice v zlati barvi ne morete zgre\u0161iti. Ceramicas Aparici Absolut Gold prihaja iz \u0160panije, ki je znana po zelo kvalitetni keramiki v svetovnem merilu. Velikost te plo\u0161\u010dice je 31,6&#215;75,6 cm in je primerna za razli\u010dne povr\u0161ine.<\/p>\n<p>Kliknite na ime kolekcije za ogled vseh plo\u0161\u010dic iz te serije: <a class=\"pdfcatal\" href=\"\/\/www.ceramictiles.com\/pdf\/aparici\/catalogue_aparici_absolut_gres.pdf\" onclick=\"recordOutboundLink(this, 'E-mail', 'Description PDF');return false;\">Aparici Absolut Gres<\/a><\/p>\n<p>\u010ce \u017eelite naro\u010diti model iz pdf kataloga te kolekcije, nam pi\u0161ite na: <a href=\"mailto:keramoteka.salon@gmail.com\" onclick=\"recordOutboundLink(this, 'E-mail', 'Description mail');return false;\">keramoteka.salon@gmail.com<\/a> ali pa nas pokli\u010dite na: +386 31 255 900.<\/p>\n<p>Technical description: <br \/> W 31,6&#215;75,6 ; F 49,1 x 49,1 <br \/>Absolut Ivory ; Absolut Gold ; Absolut Gold Ornato ; Absolut Gold Decor ; Memory Oro ; Absolut Ivory Gres ; Absolut Gold Gres ;<\/p>\n","protected":false},"excerpt":{"rendered":"<p>Debelina kar 9 mm dela to plo\u0161\u010dico zelo trpe\u017eno in presti\u017eno na otip. Pri izbiri plo\u0161\u010dice v zlati barvi ne morete zgre\u0161iti. Ceramicas Aparici Absolut Gold prihaja iz \u0160panije, ki je znana po zelo kvalitetni keramiki v svetovnem merilu. Velikost te plo\u0161\u010dice je 31,6&#215;75,6 cm in je primerna za razli\u010dne povr\u0161ine. Kliknite na ime kolekcije [&hellip;]<\/p>\n","protected":false},"featured_media":105589,"template":"","meta":[],"product_cat":[999773,200,999],"product_tag":[],"_links":{"self":[{"href":"https:\/\/www.keramika.com\/slovenija\/wp-json\/wp\/v2\/product\/105588"}],"collection":[{"href":"https:\/\/www.keramika.com\/slovenija\/wp-json\/wp\/v2\/product"}],"about":[{"href":"https:\/\/www.keramika.com\/slovenija\/wp-json\/wp\/v2\/types\/product"}],"wp:featuredmedia":[{"embeddable":true,"href":"https:\/\/www.keramika.com\/slovenija\/wp-json\/wp\/v2\/media\/105589"}],"wp:attachment":[{"href":"https:\/\/www.keramika.com\/slovenija\/wp-json\/wp\/v2\/media?parent=105588"}],"wp:term":[{"taxonomy":"product_cat","embeddable":true,"href":"https:\/\/www.keramika.com\/slovenija\/wp-json\/wp\/v2\/product_cat?post=105588"},{"taxonomy":"product_tag","embeddable":true,"href":"https:\/\/www.keramika.com\/slovenija\/wp-json\/wp\/v2\/product_tag?post=105588"}],"curies":[{"name":"wp","href":"https:\/\/api.w.org\/{rel}","templated":true}]}}