{"id":105570,"date":"2017-03-23T00:54:50","date_gmt":"2017-03-23T00:54:50","guid":{"rendered":"http:\/\/keramika.holest.com\/slovenija\/product\/mosavit-mozaik-ploscice-travert-botticino\/"},"modified":"2026-01-04T00:01:51","modified_gmt":"2026-01-04T00:01:51","slug":"mosavit-mozaik-ploscice-travert-botticino","status":"publish","type":"product","link":"https:\/\/www.keramika.com\/slovenija\/mosavit-mozaik-ploscice-travert-botticino\/","title":{"rendered":"Mosavit mozaik plo\u0161\u010dice Travert Botticino"},"content":{"rendered":"<p>Na spletu boste za ta mozaik od\u0161teli le 136,25 EUR, medtem ko v redni prodaji cena zna\u0161a 170,31 EUR. Debelina plo\u0161\u010dice je zelo pomembna in 4 mm uvr\u0161\u010da ta mozaik med najkvalitetnej\u0161e. Mosavit mosaic Travert Botticino je plo\u0161\u010dica proizvajalca Mosavit in prihaja iz \u0160panije. Pri izbiri mozaika v glavni beli barvi ne morete zgre\u0161iti. Z 31,6&#215;31,6 cm je mre\u017ea na katero so pripete te mozaik plo\u0161\u010dice primerna za razli\u010dne podlage.<\/p>\n<p>Technical description: Min. 1 box \u2013 Delivery 30 Euro\/box in EU<\/p>\n","protected":false},"excerpt":{"rendered":"<p>Na spletu boste za ta mozaik od\u0161teli le 136,25 EUR, medtem ko v redni prodaji cena zna\u0161a 170,31 EUR. Debelina plo\u0161\u010dice je zelo pomembna in 4 mm uvr\u0161\u010da ta mozaik med najkvalitetnej\u0161e. Mosavit mosaic Travert Botticino je plo\u0161\u010dica proizvajalca Mosavit in prihaja iz \u0160panije. Pri izbiri mozaika v glavni beli barvi ne morete zgre\u0161iti. Z [&hellip;]<\/p>\n","protected":false},"featured_media":105571,"template":"","meta":[],"product_cat":[420,999405,400,999],"product_tag":[],"_links":{"self":[{"href":"https:\/\/www.keramika.com\/slovenija\/wp-json\/wp\/v2\/product\/105570"}],"collection":[{"href":"https:\/\/www.keramika.com\/slovenija\/wp-json\/wp\/v2\/product"}],"about":[{"href":"https:\/\/www.keramika.com\/slovenija\/wp-json\/wp\/v2\/types\/product"}],"wp:featuredmedia":[{"embeddable":true,"href":"https:\/\/www.keramika.com\/slovenija\/wp-json\/wp\/v2\/media\/105571"}],"wp:attachment":[{"href":"https:\/\/www.keramika.com\/slovenija\/wp-json\/wp\/v2\/media?parent=105570"}],"wp:term":[{"taxonomy":"product_cat","embeddable":true,"href":"https:\/\/www.keramika.com\/slovenija\/wp-json\/wp\/v2\/product_cat?post=105570"},{"taxonomy":"product_tag","embeddable":true,"href":"https:\/\/www.keramika.com\/slovenija\/wp-json\/wp\/v2\/product_tag?post=105570"}],"curies":[{"name":"wp","href":"https:\/\/api.w.org\/{rel}","templated":true}]}}