{"id":105568,"date":"2017-03-23T00:54:44","date_gmt":"2017-03-23T00:54:44","guid":{"rendered":"http:\/\/keramika.holest.com\/slovenija\/product\/mosavit-mozaik-ploscice-travert-botticino-drops\/"},"modified":"2026-01-04T00:01:50","modified_gmt":"2026-01-04T00:01:50","slug":"mosavit-mozaik-ploscice-travert-botticino-drops","status":"publish","type":"product","link":"https:\/\/www.keramika.com\/slovenija\/mosavit-mozaik-ploscice-travert-botticino-drops\/","title":{"rendered":"Mosavit mozaik plo\u0161\u010dice Travert Botticino Drops"},"content":{"rendered":"<p>Mosavit mosaic Travert Botticino Drops prihaja iz \u0160panije, ki je znana po zelo kvalitetni keramiki v svetovnem merilu. Mosavit mosaic Travert Botticino Drops je na voljo po zelo ugodni ceni 148,75 EUR. Ta mozaik je debel 4 mm in je zelo trpe\u017een. Ta mozaik je na voljo v \u010dudoviti beli prevladujo\u010di barvi, \u010de \u017eelite kak\u0161no drugo barvo pa nas kontaktirajte in preverili bomo pri proizvajalcu. Dimenzije mre\u017ee na katero je pripet ta mozaik so 31,6&#215;31,6 cm. Mre\u017ea omogo\u010da enostavnej\u0161e polaganje.<\/p>\n<p>Technical description: Min. 1 box \u2013 Delivery 30 Euro\/box in EU<\/p>\n","protected":false},"excerpt":{"rendered":"<p>Mosavit mosaic Travert Botticino Drops prihaja iz \u0160panije, ki je znana po zelo kvalitetni keramiki v svetovnem merilu. Mosavit mosaic Travert Botticino Drops je na voljo po zelo ugodni ceni 148,75 EUR. Ta mozaik je debel 4 mm in je zelo trpe\u017een. Ta mozaik je na voljo v \u010dudoviti beli prevladujo\u010di barvi, \u010de \u017eelite kak\u0161no [&hellip;]<\/p>\n","protected":false},"featured_media":105569,"template":"","meta":[],"product_cat":[420,999405,400,999],"product_tag":[],"_links":{"self":[{"href":"https:\/\/www.keramika.com\/slovenija\/wp-json\/wp\/v2\/product\/105568"}],"collection":[{"href":"https:\/\/www.keramika.com\/slovenija\/wp-json\/wp\/v2\/product"}],"about":[{"href":"https:\/\/www.keramika.com\/slovenija\/wp-json\/wp\/v2\/types\/product"}],"wp:featuredmedia":[{"embeddable":true,"href":"https:\/\/www.keramika.com\/slovenija\/wp-json\/wp\/v2\/media\/105569"}],"wp:attachment":[{"href":"https:\/\/www.keramika.com\/slovenija\/wp-json\/wp\/v2\/media?parent=105568"}],"wp:term":[{"taxonomy":"product_cat","embeddable":true,"href":"https:\/\/www.keramika.com\/slovenija\/wp-json\/wp\/v2\/product_cat?post=105568"},{"taxonomy":"product_tag","embeddable":true,"href":"https:\/\/www.keramika.com\/slovenija\/wp-json\/wp\/v2\/product_tag?post=105568"}],"curies":[{"name":"wp","href":"https:\/\/api.w.org\/{rel}","templated":true}]}}