{"id":105566,"date":"2017-03-23T00:54:38","date_gmt":"2017-03-23T00:54:38","guid":{"rendered":"http:\/\/keramika.holest.com\/slovenija\/product\/mosavit-mozaik-ploscice-toscana-mix\/"},"modified":"2026-01-04T00:01:50","modified_gmt":"2026-01-04T00:01:50","slug":"mosavit-mozaik-ploscice-toscana-mix","status":"publish","type":"product","link":"https:\/\/www.keramika.com\/slovenija\/mosavit-mozaik-ploscice-toscana-mix\/","title":{"rendered":"Mosavit mozaik plo\u0161\u010dice Toscana Mix"},"content":{"rendered":"<p>Redna cena tega mozaika v maloprodaji zna\u0161a 123,44 EUR, v na\u0161i spletni trgovini pa ga lahko dobite \u017ee za 98,75 EUR. Letos so mozaiki v beli barvi zelo za\u017eeljeni. Mosavit mosaic Toscana Mix je pripeljana iz \u0160panije in je zelo kvalitetna. 4 mm je debelina, ki zadovolji tudi zahtevnej\u0161e kupce. Z 31,6&#215;31,6 cm je mre\u017ea na katero so pripete te mozaik plo\u0161\u010dice primerna za razli\u010dne podlage.<\/p>\n<p>Technical description: Min. 1 box \u2013 Delivery 30 Euro\/box in EU<\/p>\n","protected":false},"excerpt":{"rendered":"<p>Redna cena tega mozaika v maloprodaji zna\u0161a 123,44 EUR, v na\u0161i spletni trgovini pa ga lahko dobite \u017ee za 98,75 EUR. Letos so mozaiki v beli barvi zelo za\u017eeljeni. Mosavit mosaic Toscana Mix je pripeljana iz \u0160panije in je zelo kvalitetna. 4 mm je debelina, ki zadovolji tudi zahtevnej\u0161e kupce. Z 31,6&#215;31,6 cm je mre\u017ea [&hellip;]<\/p>\n","protected":false},"featured_media":105567,"template":"","meta":[],"product_cat":[999405,400,999,410],"product_tag":[],"_links":{"self":[{"href":"https:\/\/www.keramika.com\/slovenija\/wp-json\/wp\/v2\/product\/105566"}],"collection":[{"href":"https:\/\/www.keramika.com\/slovenija\/wp-json\/wp\/v2\/product"}],"about":[{"href":"https:\/\/www.keramika.com\/slovenija\/wp-json\/wp\/v2\/types\/product"}],"wp:featuredmedia":[{"embeddable":true,"href":"https:\/\/www.keramika.com\/slovenija\/wp-json\/wp\/v2\/media\/105567"}],"wp:attachment":[{"href":"https:\/\/www.keramika.com\/slovenija\/wp-json\/wp\/v2\/media?parent=105566"}],"wp:term":[{"taxonomy":"product_cat","embeddable":true,"href":"https:\/\/www.keramika.com\/slovenija\/wp-json\/wp\/v2\/product_cat?post=105566"},{"taxonomy":"product_tag","embeddable":true,"href":"https:\/\/www.keramika.com\/slovenija\/wp-json\/wp\/v2\/product_tag?post=105566"}],"curies":[{"name":"wp","href":"https:\/\/api.w.org\/{rel}","templated":true}]}}