{"id":105564,"date":"2017-03-23T00:54:32","date_gmt":"2017-03-23T00:54:32","guid":{"rendered":"http:\/\/keramika.holest.com\/slovenija\/product\/mosavit-mozaik-ploscice-toscana\/"},"modified":"2026-01-04T00:01:50","modified_gmt":"2026-01-04T00:01:50","slug":"mosavit-mozaik-ploscice-toscana","status":"publish","type":"product","link":"https:\/\/www.keramika.com\/slovenija\/mosavit-mozaik-ploscice-toscana\/","title":{"rendered":"Mosavit mozaik plo\u0161\u010dice Toscana"},"content":{"rendered":"<p>131,25 EUR v klasi\u010dni trgovini, pri nas pa le 105 EUR. 4 mm je debelina, ki zadovolji tudi zahtevnej\u0161e kupce. Letos so mozaiki v be\u017e barvi zelo za\u017eeljeni. Mosavit mosaic Toscana je pripeljana iz \u0160panije in je zelo kvalitetna. Mozaik na sliki je pripet na mre\u017eo, kar olaj\u0161a njegovo polaganje. Mre\u017ea je velika 31,6&#215;31,6 cm.<\/p>\n<p>Technical description: Min. 1 box \u2013 Delivery 30 Euro\/box in EU<\/p>\n","protected":false},"excerpt":{"rendered":"<p>131,25 EUR v klasi\u010dni trgovini, pri nas pa le 105 EUR. 4 mm je debelina, ki zadovolji tudi zahtevnej\u0161e kupce. Letos so mozaiki v be\u017e barvi zelo za\u017eeljeni. Mosavit mosaic Toscana je pripeljana iz \u0160panije in je zelo kvalitetna. Mozaik na sliki je pripet na mre\u017eo, kar olaj\u0161a njegovo polaganje. Mre\u017ea je velika 31,6&#215;31,6 cm. [&hellip;]<\/p>\n","protected":false},"featured_media":105565,"template":"","meta":[],"product_cat":[999405,400,999,410],"product_tag":[],"_links":{"self":[{"href":"https:\/\/www.keramika.com\/slovenija\/wp-json\/wp\/v2\/product\/105564"}],"collection":[{"href":"https:\/\/www.keramika.com\/slovenija\/wp-json\/wp\/v2\/product"}],"about":[{"href":"https:\/\/www.keramika.com\/slovenija\/wp-json\/wp\/v2\/types\/product"}],"wp:featuredmedia":[{"embeddable":true,"href":"https:\/\/www.keramika.com\/slovenija\/wp-json\/wp\/v2\/media\/105565"}],"wp:attachment":[{"href":"https:\/\/www.keramika.com\/slovenija\/wp-json\/wp\/v2\/media?parent=105564"}],"wp:term":[{"taxonomy":"product_cat","embeddable":true,"href":"https:\/\/www.keramika.com\/slovenija\/wp-json\/wp\/v2\/product_cat?post=105564"},{"taxonomy":"product_tag","embeddable":true,"href":"https:\/\/www.keramika.com\/slovenija\/wp-json\/wp\/v2\/product_tag?post=105564"}],"curies":[{"name":"wp","href":"https:\/\/api.w.org\/{rel}","templated":true}]}}