{"id":105556,"date":"2017-03-23T00:54:08","date_gmt":"2017-03-23T00:54:08","guid":{"rendered":"http:\/\/keramika.holest.com\/slovenija\/product\/mosavit-mozaik-ploscice-swiss-daisy\/"},"modified":"2026-01-04T00:01:49","modified_gmt":"2026-01-04T00:01:49","slug":"mosavit-mozaik-ploscice-swiss-daisy","status":"publish","type":"product","link":"https:\/\/www.keramika.com\/slovenija\/mosavit-mozaik-ploscice-swiss-daisy\/","title":{"rendered":"Mosavit mozaik plo\u0161\u010dice Swiss Daisy"},"content":{"rendered":"<p>Pri izbiri mozaika v glavni beli barvi ne morete zgre\u0161iti. Redna cena tega mozaika v maloprodaji zna\u0161a 807,81 EUR, v na\u0161i spletni trgovini pa ga lahko dobite \u017ee za 646,25 EUR. Ta mozaik je izdelal proizvajalec Mosavit, ki prihaja iz \u0160panije. Debelina plo\u0161\u010dice je zelo pomembna in 4 mm uvr\u0161\u010da ta mozaik med najkvalitetnej\u0161e. Velikost mre\u017ee z mozaikom je 31,6&#215;31,6 cm, kar omogo\u010da enostavno polaganje.<\/p>\n<p>Technical description: Min. 1 box \u2013 Delivery 30 Euro\/box in EU<\/p>\n","protected":false},"excerpt":{"rendered":"<p>Pri izbiri mozaika v glavni beli barvi ne morete zgre\u0161iti. Redna cena tega mozaika v maloprodaji zna\u0161a 807,81 EUR, v na\u0161i spletni trgovini pa ga lahko dobite \u017ee za 646,25 EUR. Ta mozaik je izdelal proizvajalec Mosavit, ki prihaja iz \u0160panije. Debelina plo\u0161\u010dice je zelo pomembna in 4 mm uvr\u0161\u010da ta mozaik med najkvalitetnej\u0161e. Velikost [&hellip;]<\/p>\n","protected":false},"featured_media":105557,"template":"","meta":[],"product_cat":[999405,400,999,410],"product_tag":[],"_links":{"self":[{"href":"https:\/\/www.keramika.com\/slovenija\/wp-json\/wp\/v2\/product\/105556"}],"collection":[{"href":"https:\/\/www.keramika.com\/slovenija\/wp-json\/wp\/v2\/product"}],"about":[{"href":"https:\/\/www.keramika.com\/slovenija\/wp-json\/wp\/v2\/types\/product"}],"wp:featuredmedia":[{"embeddable":true,"href":"https:\/\/www.keramika.com\/slovenija\/wp-json\/wp\/v2\/media\/105557"}],"wp:attachment":[{"href":"https:\/\/www.keramika.com\/slovenija\/wp-json\/wp\/v2\/media?parent=105556"}],"wp:term":[{"taxonomy":"product_cat","embeddable":true,"href":"https:\/\/www.keramika.com\/slovenija\/wp-json\/wp\/v2\/product_cat?post=105556"},{"taxonomy":"product_tag","embeddable":true,"href":"https:\/\/www.keramika.com\/slovenija\/wp-json\/wp\/v2\/product_tag?post=105556"}],"curies":[{"name":"wp","href":"https:\/\/api.w.org\/{rel}","templated":true}]}}