{"id":105540,"date":"2017-09-04T00:53:26","date_gmt":"2017-09-04T00:53:26","guid":{"rendered":"http:\/\/keramika.holest.com\/slovenija\/product\/mosavit-mozaik-ploscice-piedra-negra\/"},"modified":"2026-01-04T00:01:48","modified_gmt":"2026-01-04T00:01:48","slug":"mosavit-mozaik-ploscice-piedra-negra","status":"publish","type":"product","link":"https:\/\/www.keramika.com\/slovenija\/mosavit-mozaik-ploscice-piedra-negra\/","title":{"rendered":"Mosavit mozaik plo\u0161\u010dice Piedra Negra"},"content":{"rendered":"<p>Ta mozaik je na voljo v \u010dudoviti \u010drni prevladujo\u010di barvi, \u010de \u017eelite kak\u0161no drugo barvo pa nas kontaktirajte in preverili bomo pri proizvajalcu. Debelina kar 4 mm dela ta mozaik zelo trpe\u017een in presti\u017een na otip. V redni prodaji bi morali za ta mozaik od\u0161teti 84,06 EUR, spletna cena pa zna\u0161a le 67,25 EUR. Mosavit mosaic Piedra Negra prihaja iz \u0160panije, ki je znana po zelo kvalitetni keramiki v svetovnem merilu. Z 30&#215;30 cm je mre\u017ea na katero so pripete te mozaik plo\u0161\u010dice primerna za razli\u010dne podlage.<\/p>\n<p>Technical description: Min. 1 box \u2013 Delivery 30 Euro\/box in EU<\/p>\n","protected":false},"excerpt":{"rendered":"<p>\u010crni kamniti mozaik<\/p>\n","protected":false},"featured_media":105541,"template":"","meta":[],"product_cat":[420,999405,400,999],"product_tag":[99921989,99921990],"_links":{"self":[{"href":"https:\/\/www.keramika.com\/slovenija\/wp-json\/wp\/v2\/product\/105540"}],"collection":[{"href":"https:\/\/www.keramika.com\/slovenija\/wp-json\/wp\/v2\/product"}],"about":[{"href":"https:\/\/www.keramika.com\/slovenija\/wp-json\/wp\/v2\/types\/product"}],"wp:featuredmedia":[{"embeddable":true,"href":"https:\/\/www.keramika.com\/slovenija\/wp-json\/wp\/v2\/media\/105541"}],"wp:attachment":[{"href":"https:\/\/www.keramika.com\/slovenija\/wp-json\/wp\/v2\/media?parent=105540"}],"wp:term":[{"taxonomy":"product_cat","embeddable":true,"href":"https:\/\/www.keramika.com\/slovenija\/wp-json\/wp\/v2\/product_cat?post=105540"},{"taxonomy":"product_tag","embeddable":true,"href":"https:\/\/www.keramika.com\/slovenija\/wp-json\/wp\/v2\/product_tag?post=105540"}],"curies":[{"name":"wp","href":"https:\/\/api.w.org\/{rel}","templated":true}]}}