{"id":105534,"date":"2018-01-08T00:53:07","date_gmt":"2018-01-08T00:53:07","guid":{"rendered":"http:\/\/keramika.holest.com\/slovenija\/product\/mosavit-mozaik-ploscice-piedra-extra-blanca\/"},"modified":"2026-01-04T00:01:47","modified_gmt":"2026-01-04T00:01:47","slug":"mosavit-mozaik-ploscice-piedra-extra-blanca","status":"publish","type":"product","link":"https:\/\/www.keramika.com\/slovenija\/mosavit-mozaik-ploscice-piedra-extra-blanca\/","title":{"rendered":"Mosavit mozaik plo\u0161\u010dice Piedra Extra Blanca"},"content":{"rendered":"<p>Prihaja iz \u0160panije, ki po svetu slovi kot ena bolj\u0161ih proizvajalk kerami\u010dnih plo\u0161\u010dic. Mozaik je debel kar 4 mm, kar ga uvr\u0161\u010da med bolj trde mozaik plo\u0161\u010dice. Redna cena tega mozaika v maloprodaji zna\u0161a 101,56 EUR, v na\u0161i spletni trgovini pa ga lahko dobite \u017ee za 81,25 EUR. Dimenzije mre\u017ee na katero je pripet ta mozaik so 30&#215;30 cm. Mre\u017ea omogo\u010da enostavnej\u0161e polaganje. Pri izbiri mozaika v glavni beli barvi ne morete zgre\u0161iti.<\/p>\n<p>Najmanj\u0161e naro\u010dilo, polna \u0161katla.<br \/>\nDostava 30 EUR \/ \u0161katla.<\/p>\n","protected":false},"excerpt":{"rendered":"<p>Vrhunski beli mozaik iz naravnega kamna<\/p>\n","protected":false},"featured_media":105535,"template":"","meta":[],"product_cat":[420,999405,400,999],"product_tag":[99921989],"_links":{"self":[{"href":"https:\/\/www.keramika.com\/slovenija\/wp-json\/wp\/v2\/product\/105534"}],"collection":[{"href":"https:\/\/www.keramika.com\/slovenija\/wp-json\/wp\/v2\/product"}],"about":[{"href":"https:\/\/www.keramika.com\/slovenija\/wp-json\/wp\/v2\/types\/product"}],"wp:featuredmedia":[{"embeddable":true,"href":"https:\/\/www.keramika.com\/slovenija\/wp-json\/wp\/v2\/media\/105535"}],"wp:attachment":[{"href":"https:\/\/www.keramika.com\/slovenija\/wp-json\/wp\/v2\/media?parent=105534"}],"wp:term":[{"taxonomy":"product_cat","embeddable":true,"href":"https:\/\/www.keramika.com\/slovenija\/wp-json\/wp\/v2\/product_cat?post=105534"},{"taxonomy":"product_tag","embeddable":true,"href":"https:\/\/www.keramika.com\/slovenija\/wp-json\/wp\/v2\/product_tag?post=105534"}],"curies":[{"name":"wp","href":"https:\/\/api.w.org\/{rel}","templated":true}]}}