{"id":105532,"date":"2017-09-04T00:53:02","date_gmt":"2017-09-04T00:53:02","guid":{"rendered":"http:\/\/keramika.holest.com\/slovenija\/product\/mosavit-mozaik-ploscice-piedra-beige\/"},"modified":"2026-01-04T00:01:47","modified_gmt":"2026-01-04T00:01:47","slug":"mosavit-mozaik-ploscice-piedra-beige","status":"publish","type":"product","link":"https:\/\/www.keramika.com\/slovenija\/mosavit-mozaik-ploscice-piedra-beige\/","title":{"rendered":"Mosavit mozaik plo\u0161\u010dice Piedra Beige"},"content":{"rendered":"<p>Velikost mre\u017ee z mozaikom je 30&#215;30 cm, kar omogo\u010da enostavno polaganje. Zelo moderen mozaik v dominanti be\u017e barvi popestri prav vsak prostor. Na spletu boste za ta mozaik od\u0161teli le 67,25 EUR, medtem ko v redni prodaji cena zna\u0161a 84,06 EUR. Mosavit mosaic Piedra Beige prihaja iz \u0160panije, ki je znana po zelo kvalitetni keramiki v svetovnem merilu. 4 mm debeline je dovolj tudi za zahtevnej\u0161e kupce.<\/p>\n<p>Technical description: Min. 1 box \u2013 Delivery 30 Euro\/box in EU<\/p>\n","protected":false},"excerpt":{"rendered":"<p>Mozaik iz naravnega kamna<\/p>\n","protected":false},"featured_media":105533,"template":"","meta":[],"product_cat":[420,999405,400,999],"product_tag":[99921989,99921990],"_links":{"self":[{"href":"https:\/\/www.keramika.com\/slovenija\/wp-json\/wp\/v2\/product\/105532"}],"collection":[{"href":"https:\/\/www.keramika.com\/slovenija\/wp-json\/wp\/v2\/product"}],"about":[{"href":"https:\/\/www.keramika.com\/slovenija\/wp-json\/wp\/v2\/types\/product"}],"wp:featuredmedia":[{"embeddable":true,"href":"https:\/\/www.keramika.com\/slovenija\/wp-json\/wp\/v2\/media\/105533"}],"wp:attachment":[{"href":"https:\/\/www.keramika.com\/slovenija\/wp-json\/wp\/v2\/media?parent=105532"}],"wp:term":[{"taxonomy":"product_cat","embeddable":true,"href":"https:\/\/www.keramika.com\/slovenija\/wp-json\/wp\/v2\/product_cat?post=105532"},{"taxonomy":"product_tag","embeddable":true,"href":"https:\/\/www.keramika.com\/slovenija\/wp-json\/wp\/v2\/product_tag?post=105532"}],"curies":[{"name":"wp","href":"https:\/\/api.w.org\/{rel}","templated":true}]}}