{"id":105530,"date":"2017-04-23T00:52:57","date_gmt":"2017-04-23T00:52:57","guid":{"rendered":"http:\/\/keramika.holest.com\/slovenija\/product\/mosavit-mozaik-ploscice-piedra-batu-blanca\/"},"modified":"2026-01-04T00:01:47","modified_gmt":"2026-01-04T00:01:47","slug":"mosavit-mozaik-ploscice-piedra-batu-blanca","status":"publish","type":"product","link":"https:\/\/www.keramika.com\/slovenija\/mosavit-mozaik-ploscice-piedra-batu-blanca\/","title":{"rendered":"Mosavit mozaik plo\u0161\u010dice Piedra Batu Blanca"},"content":{"rendered":"<p>Zelo moderen mozaik v dominanti beli barvi popestri prav vsak prostor. Dimenzije mre\u017ee na katero je pripet ta mozaik so 30&#215;30 cm. Mre\u017ea omogo\u010da enostavnej\u0161e polaganje. Mosavit mosaic Piedra Batu Blanca je plo\u0161\u010dica proizvajalca Mosavit in prihaja iz \u0160panije. Debelina kar 4 mm dela ta mozaik zelo trpe\u017een in presti\u017een na otip. Na spletu boste za ta mozaik od\u0161teli le 98,75 EUR, medtem ko v redni prodaji cena zna\u0161a 123,44 EUR.<\/p>\n<p>Technical description: Min. 1 box \u2013 Delivery 30 Euro\/box in EU<\/p>\n","protected":false},"excerpt":{"rendered":"<p>Zelo moderen mozaik v dominanti beli barvi popestri prav vsak prostor. Dimenzije mre\u017ee na katero je pripet ta mozaik so 30&#215;30 cm. Mre\u017ea omogo\u010da enostavnej\u0161e polaganje. Mosavit mosaic Piedra Batu Blanca je plo\u0161\u010dica proizvajalca Mosavit in prihaja iz \u0160panije. Debelina kar 4 mm dela ta mozaik zelo trpe\u017een in presti\u017een na otip. Na spletu boste [&hellip;]<\/p>\n","protected":false},"featured_media":105531,"template":"","meta":[],"product_cat":[420,999405,400,999],"product_tag":[],"_links":{"self":[{"href":"https:\/\/www.keramika.com\/slovenija\/wp-json\/wp\/v2\/product\/105530"}],"collection":[{"href":"https:\/\/www.keramika.com\/slovenija\/wp-json\/wp\/v2\/product"}],"about":[{"href":"https:\/\/www.keramika.com\/slovenija\/wp-json\/wp\/v2\/types\/product"}],"wp:featuredmedia":[{"embeddable":true,"href":"https:\/\/www.keramika.com\/slovenija\/wp-json\/wp\/v2\/media\/105531"}],"wp:attachment":[{"href":"https:\/\/www.keramika.com\/slovenija\/wp-json\/wp\/v2\/media?parent=105530"}],"wp:term":[{"taxonomy":"product_cat","embeddable":true,"href":"https:\/\/www.keramika.com\/slovenija\/wp-json\/wp\/v2\/product_cat?post=105530"},{"taxonomy":"product_tag","embeddable":true,"href":"https:\/\/www.keramika.com\/slovenija\/wp-json\/wp\/v2\/product_tag?post=105530"}],"curies":[{"name":"wp","href":"https:\/\/api.w.org\/{rel}","templated":true}]}}