{"id":105524,"date":"2017-03-23T00:52:40","date_gmt":"2017-03-23T00:52:40","guid":{"rendered":"http:\/\/keramika.holest.com\/slovenija\/product\/mosavit-mozaik-ploscice-patchwork-spring\/"},"modified":"2026-01-04T00:01:46","modified_gmt":"2026-01-04T00:01:46","slug":"mosavit-mozaik-ploscice-patchwork-spring","status":"publish","type":"product","link":"https:\/\/www.keramika.com\/slovenija\/mosavit-mozaik-ploscice-patchwork-spring\/","title":{"rendered":"Mosavit mozaik plo\u0161\u010dice Patchwork Spring"},"content":{"rendered":"<p>Ta mozaik plo\u0161\u010dica prihaja iz \u0160panije, ki je znana po kvalitetni keramiki. Velikost mre\u017ee z mozaikom je 30&#215;30 cm, kar omogo\u010da enostavno polaganje. Ta mozaik je debel 4 mm in je zelo trpe\u017een. Ta mozaik plo\u0161\u010dica v \u010dudoviti rde\u010di barvi bo obogatila vsak prostor. V redni prodaji bi morali za ta mozaik od\u0161teti 146,88 EUR, spletna cena pa zna\u0161a le 117,5 EUR.<\/p>\n<p>Technical description: Min. 1 box \u2013 Delivery 30 Euro\/box in EU<\/p>\n","protected":false},"excerpt":{"rendered":"<p>Ta mozaik plo\u0161\u010dica prihaja iz \u0160panije, ki je znana po kvalitetni keramiki. Velikost mre\u017ee z mozaikom je 30&#215;30 cm, kar omogo\u010da enostavno polaganje. Ta mozaik je debel 4 mm in je zelo trpe\u017een. Ta mozaik plo\u0161\u010dica v \u010dudoviti rde\u010di barvi bo obogatila vsak prostor. V redni prodaji bi morali za ta mozaik od\u0161teti 146,88 EUR, [&hellip;]<\/p>\n","protected":false},"featured_media":105525,"template":"","meta":[],"product_cat":[999405,400,999,410],"product_tag":[],"_links":{"self":[{"href":"https:\/\/www.keramika.com\/slovenija\/wp-json\/wp\/v2\/product\/105524"}],"collection":[{"href":"https:\/\/www.keramika.com\/slovenija\/wp-json\/wp\/v2\/product"}],"about":[{"href":"https:\/\/www.keramika.com\/slovenija\/wp-json\/wp\/v2\/types\/product"}],"wp:featuredmedia":[{"embeddable":true,"href":"https:\/\/www.keramika.com\/slovenija\/wp-json\/wp\/v2\/media\/105525"}],"wp:attachment":[{"href":"https:\/\/www.keramika.com\/slovenija\/wp-json\/wp\/v2\/media?parent=105524"}],"wp:term":[{"taxonomy":"product_cat","embeddable":true,"href":"https:\/\/www.keramika.com\/slovenija\/wp-json\/wp\/v2\/product_cat?post=105524"},{"taxonomy":"product_tag","embeddable":true,"href":"https:\/\/www.keramika.com\/slovenija\/wp-json\/wp\/v2\/product_tag?post=105524"}],"curies":[{"name":"wp","href":"https:\/\/api.w.org\/{rel}","templated":true}]}}