{"id":105518,"date":"2017-03-23T00:52:17","date_gmt":"2017-03-23T00:52:17","guid":{"rendered":"http:\/\/keramika.holest.com\/slovenija\/product\/mosavit-mozaik-ploscice-moma\/"},"modified":"2026-01-04T00:01:46","modified_gmt":"2026-01-04T00:01:46","slug":"mosavit-mozaik-ploscice-moma","status":"publish","type":"product","link":"https:\/\/www.keramika.com\/slovenija\/mosavit-mozaik-ploscice-moma\/","title":{"rendered":"Mosavit mozaik plo\u0161\u010dice Moma"},"content":{"rendered":"<p>Dimenzije mre\u017ee na katero je pripet ta mozaik so 31,6&#215;31,6 cm. Mre\u017ea omogo\u010da enostavnej\u0161e polaganje. Mosavit mosaic Moma prihaja iz \u0160panije, ki je znana po zelo kvalitetni keramiki v svetovnem merilu. Mosavit mosaic Moma je na voljo po zelo ugodni ceni 105 EUR. Keramika v beli barvi popestri vsak prostor. 4 mm debeline je dovolj tudi za zahtevnej\u0161e kupce.<\/p>\n<p>Technical description: Min. 1 box \u2013 Delivery 30 Euro\/box in EU<\/p>\n","protected":false},"excerpt":{"rendered":"<p>Dimenzije mre\u017ee na katero je pripet ta mozaik so 31,6&#215;31,6 cm. Mre\u017ea omogo\u010da enostavnej\u0161e polaganje. Mosavit mosaic Moma prihaja iz \u0160panije, ki je znana po zelo kvalitetni keramiki v svetovnem merilu. Mosavit mosaic Moma je na voljo po zelo ugodni ceni 105 EUR. Keramika v beli barvi popestri vsak prostor. 4 mm debeline je dovolj [&hellip;]<\/p>\n","protected":false},"featured_media":105519,"template":"","meta":[],"product_cat":[999405,400,999,410],"product_tag":[],"_links":{"self":[{"href":"https:\/\/www.keramika.com\/slovenija\/wp-json\/wp\/v2\/product\/105518"}],"collection":[{"href":"https:\/\/www.keramika.com\/slovenija\/wp-json\/wp\/v2\/product"}],"about":[{"href":"https:\/\/www.keramika.com\/slovenija\/wp-json\/wp\/v2\/types\/product"}],"wp:featuredmedia":[{"embeddable":true,"href":"https:\/\/www.keramika.com\/slovenija\/wp-json\/wp\/v2\/media\/105519"}],"wp:attachment":[{"href":"https:\/\/www.keramika.com\/slovenija\/wp-json\/wp\/v2\/media?parent=105518"}],"wp:term":[{"taxonomy":"product_cat","embeddable":true,"href":"https:\/\/www.keramika.com\/slovenija\/wp-json\/wp\/v2\/product_cat?post=105518"},{"taxonomy":"product_tag","embeddable":true,"href":"https:\/\/www.keramika.com\/slovenija\/wp-json\/wp\/v2\/product_tag?post=105518"}],"curies":[{"name":"wp","href":"https:\/\/api.w.org\/{rel}","templated":true}]}}