{"id":105512,"date":"2017-03-23T00:52:01","date_gmt":"2017-03-23T00:52:01","guid":{"rendered":"http:\/\/keramika.holest.com\/slovenija\/product\/mosavit-mozaik-ploscice-mikros-perlado\/"},"modified":"2026-01-04T00:01:45","modified_gmt":"2026-01-04T00:01:45","slug":"mosavit-mozaik-ploscice-mikros-perlado","status":"publish","type":"product","link":"https:\/\/www.keramika.com\/slovenija\/mosavit-mozaik-ploscice-mikros-perlado\/","title":{"rendered":"Mosavit mozaik plo\u0161\u010dice Mikros Perlado"},"content":{"rendered":"<p>Velikost mre\u017ee z mozaikom je 31,6&#215;31,6 cm, kar omogo\u010da enostavno polaganje. Keramika v beli barvi popestri vsak prostor. 4 mm je debelina, ki zadovolji tudi zahtevnej\u0161e kupce. Mosavit mosaic Mikros Perlado prihaja iz \u0160panije, ki je znana po zelo kvalitetni keramiki v svetovnem merilu. Mosavit mosaic Mikros Perlado je na voljo po zelo ugodni ceni 244,75 EUR.<\/p>\n<p>Technical description: Min. 1 box \u2013 Delivery 30 Euro\/box in EU<\/p>\n","protected":false},"excerpt":{"rendered":"<p>Velikost mre\u017ee z mozaikom je 31,6&#215;31,6 cm, kar omogo\u010da enostavno polaganje. Keramika v beli barvi popestri vsak prostor. 4 mm je debelina, ki zadovolji tudi zahtevnej\u0161e kupce. Mosavit mosaic Mikros Perlado prihaja iz \u0160panije, ki je znana po zelo kvalitetni keramiki v svetovnem merilu. Mosavit mosaic Mikros Perlado je na voljo po zelo ugodni ceni [&hellip;]<\/p>\n","protected":false},"featured_media":105513,"template":"","meta":[],"product_cat":[999405,400,999,410],"product_tag":[],"_links":{"self":[{"href":"https:\/\/www.keramika.com\/slovenija\/wp-json\/wp\/v2\/product\/105512"}],"collection":[{"href":"https:\/\/www.keramika.com\/slovenija\/wp-json\/wp\/v2\/product"}],"about":[{"href":"https:\/\/www.keramika.com\/slovenija\/wp-json\/wp\/v2\/types\/product"}],"wp:featuredmedia":[{"embeddable":true,"href":"https:\/\/www.keramika.com\/slovenija\/wp-json\/wp\/v2\/media\/105513"}],"wp:attachment":[{"href":"https:\/\/www.keramika.com\/slovenija\/wp-json\/wp\/v2\/media?parent=105512"}],"wp:term":[{"taxonomy":"product_cat","embeddable":true,"href":"https:\/\/www.keramika.com\/slovenija\/wp-json\/wp\/v2\/product_cat?post=105512"},{"taxonomy":"product_tag","embeddable":true,"href":"https:\/\/www.keramika.com\/slovenija\/wp-json\/wp\/v2\/product_tag?post=105512"}],"curies":[{"name":"wp","href":"https:\/\/api.w.org\/{rel}","templated":true}]}}