{"id":105510,"date":"2017-03-23T00:51:57","date_gmt":"2017-03-23T00:51:57","guid":{"rendered":"http:\/\/keramika.holest.com\/slovenija\/product\/mosavit-mozaik-ploscice-mikros-pasion\/"},"modified":"2026-01-04T00:01:45","modified_gmt":"2026-01-04T00:01:45","slug":"mosavit-mozaik-ploscice-mikros-pasion","status":"publish","type":"product","link":"https:\/\/www.keramika.com\/slovenija\/mosavit-mozaik-ploscice-mikros-pasion\/","title":{"rendered":"Mosavit mozaik plo\u0161\u010dice Mikros Pasion"},"content":{"rendered":"<p>Mosavit mosaic Mikros Pasion je plo\u0161\u010dica proizvajalca Mosavit in prihaja iz \u0160panije. Letos so mozaiki v rde\u010di barvi zelo za\u017eeljeni. Redna cena tega mozaika v maloprodaji zna\u0161a 326,56 EUR, v na\u0161i spletni trgovini pa ga lahko dobite \u017ee za 261,25 EUR. Debelina plo\u0161\u010dice je zelo pomembna in 4 mm uvr\u0161\u010da ta mozaik med najkvalitetnej\u0161e. Mozaik dobite pripet na mre\u017eo, kar olaj\u0161a njegovo polaganje. Velikost mre\u017ee je 31,6&#215;31,6 cm in je primerna za razli\u010dne povr\u0161ine.<\/p>\n<p>Technical description: Min. 1 box \u2013 Delivery 30 Euro\/box in EU<\/p>\n","protected":false},"excerpt":{"rendered":"<p>Mosavit mosaic Mikros Pasion je plo\u0161\u010dica proizvajalca Mosavit in prihaja iz \u0160panije. Letos so mozaiki v rde\u010di barvi zelo za\u017eeljeni. Redna cena tega mozaika v maloprodaji zna\u0161a 326,56 EUR, v na\u0161i spletni trgovini pa ga lahko dobite \u017ee za 261,25 EUR. Debelina plo\u0161\u010dice je zelo pomembna in 4 mm uvr\u0161\u010da ta mozaik med najkvalitetnej\u0161e. Mozaik [&hellip;]<\/p>\n","protected":false},"featured_media":105511,"template":"","meta":[],"product_cat":[999405,400,999,410],"product_tag":[],"_links":{"self":[{"href":"https:\/\/www.keramika.com\/slovenija\/wp-json\/wp\/v2\/product\/105510"}],"collection":[{"href":"https:\/\/www.keramika.com\/slovenija\/wp-json\/wp\/v2\/product"}],"about":[{"href":"https:\/\/www.keramika.com\/slovenija\/wp-json\/wp\/v2\/types\/product"}],"wp:featuredmedia":[{"embeddable":true,"href":"https:\/\/www.keramika.com\/slovenija\/wp-json\/wp\/v2\/media\/105511"}],"wp:attachment":[{"href":"https:\/\/www.keramika.com\/slovenija\/wp-json\/wp\/v2\/media?parent=105510"}],"wp:term":[{"taxonomy":"product_cat","embeddable":true,"href":"https:\/\/www.keramika.com\/slovenija\/wp-json\/wp\/v2\/product_cat?post=105510"},{"taxonomy":"product_tag","embeddable":true,"href":"https:\/\/www.keramika.com\/slovenija\/wp-json\/wp\/v2\/product_tag?post=105510"}],"curies":[{"name":"wp","href":"https:\/\/api.w.org\/{rel}","templated":true}]}}