{"id":105506,"date":"2017-03-23T00:51:45","date_gmt":"2017-03-23T00:51:45","guid":{"rendered":"http:\/\/keramika.holest.com\/slovenija\/product\/mosavit-mozaik-ploscice-mikros-magnolia\/"},"modified":"2026-01-04T00:01:44","modified_gmt":"2026-01-04T00:01:44","slug":"mosavit-mozaik-ploscice-mikros-magnolia","status":"publish","type":"product","link":"https:\/\/www.keramika.com\/slovenija\/mosavit-mozaik-ploscice-mikros-magnolia\/","title":{"rendered":"Mosavit mozaik plo\u0161\u010dice Mikros Magnolia"},"content":{"rendered":"<p>Mosavit mosaic Mikros Magnolia je pripeljana iz \u0160panije in je zelo kvalitetna. Mozaik na sliki je pripet na mre\u017eo, kar olaj\u0161a njegovo polaganje. Mre\u017ea je velika 31,6&#215;31,6 cm. Keramika v oran\u017eni barvi popestri vsak prostor. 4 mm je debelina, ki zadovolji tudi zahtevnej\u0161e kupce. Mosavit mosaic Mikros Magnolia je na voljo po zelo ugodni ceni 244,75 EUR.<\/p>\n<p>Technical description: Min. 1 box \u2013 Delivery 30 Euro\/box in EU<\/p>\n","protected":false},"excerpt":{"rendered":"<p>Mosavit mosaic Mikros Magnolia je pripeljana iz \u0160panije in je zelo kvalitetna. Mozaik na sliki je pripet na mre\u017eo, kar olaj\u0161a njegovo polaganje. Mre\u017ea je velika 31,6&#215;31,6 cm. Keramika v oran\u017eni barvi popestri vsak prostor. 4 mm je debelina, ki zadovolji tudi zahtevnej\u0161e kupce. Mosavit mosaic Mikros Magnolia je na voljo po zelo ugodni ceni [&hellip;]<\/p>\n","protected":false},"featured_media":105507,"template":"","meta":[],"product_cat":[999405,400,999,410],"product_tag":[],"_links":{"self":[{"href":"https:\/\/www.keramika.com\/slovenija\/wp-json\/wp\/v2\/product\/105506"}],"collection":[{"href":"https:\/\/www.keramika.com\/slovenija\/wp-json\/wp\/v2\/product"}],"about":[{"href":"https:\/\/www.keramika.com\/slovenija\/wp-json\/wp\/v2\/types\/product"}],"wp:featuredmedia":[{"embeddable":true,"href":"https:\/\/www.keramika.com\/slovenija\/wp-json\/wp\/v2\/media\/105507"}],"wp:attachment":[{"href":"https:\/\/www.keramika.com\/slovenija\/wp-json\/wp\/v2\/media?parent=105506"}],"wp:term":[{"taxonomy":"product_cat","embeddable":true,"href":"https:\/\/www.keramika.com\/slovenija\/wp-json\/wp\/v2\/product_cat?post=105506"},{"taxonomy":"product_tag","embeddable":true,"href":"https:\/\/www.keramika.com\/slovenija\/wp-json\/wp\/v2\/product_tag?post=105506"}],"curies":[{"name":"wp","href":"https:\/\/api.w.org\/{rel}","templated":true}]}}