{"id":105504,"date":"2017-03-23T00:51:40","date_gmt":"2017-03-23T00:51:40","guid":{"rendered":"http:\/\/keramika.holest.com\/slovenija\/product\/mosavit-mozaik-ploscice-mikros-lila-gloss\/"},"modified":"2026-01-04T00:01:44","modified_gmt":"2026-01-04T00:01:44","slug":"mosavit-mozaik-ploscice-mikros-lila-gloss","status":"publish","type":"product","link":"https:\/\/www.keramika.com\/slovenija\/mosavit-mozaik-ploscice-mikros-lila-gloss\/","title":{"rendered":"Mosavit mozaik plo\u0161\u010dice Mikros Lila Gloss"},"content":{"rendered":"<p>Redna cena tega mozaika v maloprodaji zna\u0161a 305,94 EUR, v na\u0161i spletni trgovini pa ga lahko dobite \u017ee za 244,75 EUR. Dimenzije mre\u017ee na katero je pripet ta mozaik so 31,6&#215;31,6 cm. Mre\u017ea omogo\u010da enostavnej\u0161e polaganje. Ta mozaik je debel 4 mm in je zelo trpe\u017een. Ta mozaik plo\u0161\u010dica prihaja iz \u0160panije, ki je znana po kvalitetni keramiki. Ta mozaik plo\u0161\u010dica v \u010dudoviti vijoli\u010dni barvi bo obogatila vsak prostor.<\/p>\n<p>Technical description: Min. 1 box \u2013 Delivery 30 Euro\/box in EU<\/p>\n","protected":false},"excerpt":{"rendered":"<p>Redna cena tega mozaika v maloprodaji zna\u0161a 305,94 EUR, v na\u0161i spletni trgovini pa ga lahko dobite \u017ee za 244,75 EUR. Dimenzije mre\u017ee na katero je pripet ta mozaik so 31,6&#215;31,6 cm. Mre\u017ea omogo\u010da enostavnej\u0161e polaganje. Ta mozaik je debel 4 mm in je zelo trpe\u017een. Ta mozaik plo\u0161\u010dica prihaja iz \u0160panije, ki je znana [&hellip;]<\/p>\n","protected":false},"featured_media":105505,"template":"","meta":[],"product_cat":[999405,400,999,410],"product_tag":[],"_links":{"self":[{"href":"https:\/\/www.keramika.com\/slovenija\/wp-json\/wp\/v2\/product\/105504"}],"collection":[{"href":"https:\/\/www.keramika.com\/slovenija\/wp-json\/wp\/v2\/product"}],"about":[{"href":"https:\/\/www.keramika.com\/slovenija\/wp-json\/wp\/v2\/types\/product"}],"wp:featuredmedia":[{"embeddable":true,"href":"https:\/\/www.keramika.com\/slovenija\/wp-json\/wp\/v2\/media\/105505"}],"wp:attachment":[{"href":"https:\/\/www.keramika.com\/slovenija\/wp-json\/wp\/v2\/media?parent=105504"}],"wp:term":[{"taxonomy":"product_cat","embeddable":true,"href":"https:\/\/www.keramika.com\/slovenija\/wp-json\/wp\/v2\/product_cat?post=105504"},{"taxonomy":"product_tag","embeddable":true,"href":"https:\/\/www.keramika.com\/slovenija\/wp-json\/wp\/v2\/product_tag?post=105504"}],"curies":[{"name":"wp","href":"https:\/\/api.w.org\/{rel}","templated":true}]}}