{"id":105502,"date":"2017-03-23T00:51:36","date_gmt":"2017-03-23T00:51:36","guid":{"rendered":"http:\/\/keramika.holest.com\/slovenija\/product\/mosavit-mozaik-ploscice-mikros-lila\/"},"modified":"2026-01-04T00:01:44","modified_gmt":"2026-01-04T00:01:44","slug":"mosavit-mozaik-ploscice-mikros-lila","status":"publish","type":"product","link":"https:\/\/www.keramika.com\/slovenija\/mosavit-mozaik-ploscice-mikros-lila\/","title":{"rendered":"Mosavit mozaik plo\u0161\u010dice Mikros Lila"},"content":{"rendered":"<p>Letos so mozaiki v vijoli\u010dni barvi zelo za\u017eeljeni. Dimenzije mre\u017ee na katero je pripet ta mozaik so 31,6&#215;31,6 cm. Mre\u017ea omogo\u010da enostavnej\u0161e polaganje. Mosavit mosaic Mikros Lila je pripeljana iz \u0160panije in je zelo kvalitetna. 4 mm je debelina, ki zadovolji tudi zahtevnej\u0161e kupce. Zaradi ni\u017ejih stro\u0161kov pri spletni prodaji boste na na\u0161i strani za ta mozaik od\u0161teli le 187 EUR.<\/p>\n<p>Technical description: Min. 1 box \u2013 Delivery 30 Euro\/box in EU<\/p>\n","protected":false},"excerpt":{"rendered":"<p>Letos so mozaiki v vijoli\u010dni barvi zelo za\u017eeljeni. Dimenzije mre\u017ee na katero je pripet ta mozaik so 31,6&#215;31,6 cm. Mre\u017ea omogo\u010da enostavnej\u0161e polaganje. Mosavit mosaic Mikros Lila je pripeljana iz \u0160panije in je zelo kvalitetna. 4 mm je debelina, ki zadovolji tudi zahtevnej\u0161e kupce. Zaradi ni\u017ejih stro\u0161kov pri spletni prodaji boste na na\u0161i strani za [&hellip;]<\/p>\n","protected":false},"featured_media":105503,"template":"","meta":[],"product_cat":[999405,400,999,410],"product_tag":[],"_links":{"self":[{"href":"https:\/\/www.keramika.com\/slovenija\/wp-json\/wp\/v2\/product\/105502"}],"collection":[{"href":"https:\/\/www.keramika.com\/slovenija\/wp-json\/wp\/v2\/product"}],"about":[{"href":"https:\/\/www.keramika.com\/slovenija\/wp-json\/wp\/v2\/types\/product"}],"wp:featuredmedia":[{"embeddable":true,"href":"https:\/\/www.keramika.com\/slovenija\/wp-json\/wp\/v2\/media\/105503"}],"wp:attachment":[{"href":"https:\/\/www.keramika.com\/slovenija\/wp-json\/wp\/v2\/media?parent=105502"}],"wp:term":[{"taxonomy":"product_cat","embeddable":true,"href":"https:\/\/www.keramika.com\/slovenija\/wp-json\/wp\/v2\/product_cat?post=105502"},{"taxonomy":"product_tag","embeddable":true,"href":"https:\/\/www.keramika.com\/slovenija\/wp-json\/wp\/v2\/product_tag?post=105502"}],"curies":[{"name":"wp","href":"https:\/\/api.w.org\/{rel}","templated":true}]}}