{"id":105498,"date":"2017-03-23T00:51:25","date_gmt":"2017-03-23T00:51:25","guid":{"rendered":"http:\/\/keramika.holest.com\/slovenija\/product\/mosavit-mozaik-ploscice-mikros-grafito\/"},"modified":"2026-01-04T00:01:43","modified_gmt":"2026-01-04T00:01:43","slug":"mosavit-mozaik-ploscice-mikros-grafito","status":"publish","type":"product","link":"https:\/\/www.keramika.com\/slovenija\/mosavit-mozaik-ploscice-mikros-grafito\/","title":{"rendered":"Mosavit mozaik plo\u0161\u010dice Mikros Grafito"},"content":{"rendered":"<p>Ta mozaik plo\u0161\u010dica prihaja iz \u0160panije, ki je znana po kvalitetni keramiki. Zelo moderen mozaik v dominanti \u010drni barvi popestri prav vsak prostor. Ta mozaik je debel 4 mm in je zelo trpe\u017een. Na spletu boste za ta mozaik od\u0161teli le 244,75 EUR, medtem ko v redni prodaji cena zna\u0161a 305,94 EUR. Dimenzije mre\u017ee na katero je pripet ta mozaik so 31,6&#215;31,6 cm. Mre\u017ea omogo\u010da enostavnej\u0161e polaganje.<\/p>\n<p>Technical description: Min. 1 box \u2013 Delivery 30 Euro\/box in EU<\/p>\n","protected":false},"excerpt":{"rendered":"<p>Ta mozaik plo\u0161\u010dica prihaja iz \u0160panije, ki je znana po kvalitetni keramiki. Zelo moderen mozaik v dominanti \u010drni barvi popestri prav vsak prostor. Ta mozaik je debel 4 mm in je zelo trpe\u017een. Na spletu boste za ta mozaik od\u0161teli le 244,75 EUR, medtem ko v redni prodaji cena zna\u0161a 305,94 EUR. Dimenzije mre\u017ee na [&hellip;]<\/p>\n","protected":false},"featured_media":105499,"template":"","meta":[],"product_cat":[999405,400,999,410],"product_tag":[],"_links":{"self":[{"href":"https:\/\/www.keramika.com\/slovenija\/wp-json\/wp\/v2\/product\/105498"}],"collection":[{"href":"https:\/\/www.keramika.com\/slovenija\/wp-json\/wp\/v2\/product"}],"about":[{"href":"https:\/\/www.keramika.com\/slovenija\/wp-json\/wp\/v2\/types\/product"}],"wp:featuredmedia":[{"embeddable":true,"href":"https:\/\/www.keramika.com\/slovenija\/wp-json\/wp\/v2\/media\/105499"}],"wp:attachment":[{"href":"https:\/\/www.keramika.com\/slovenija\/wp-json\/wp\/v2\/media?parent=105498"}],"wp:term":[{"taxonomy":"product_cat","embeddable":true,"href":"https:\/\/www.keramika.com\/slovenija\/wp-json\/wp\/v2\/product_cat?post=105498"},{"taxonomy":"product_tag","embeddable":true,"href":"https:\/\/www.keramika.com\/slovenija\/wp-json\/wp\/v2\/product_tag?post=105498"}],"curies":[{"name":"wp","href":"https:\/\/api.w.org\/{rel}","templated":true}]}}