{"id":105490,"date":"2017-03-23T00:51:05","date_gmt":"2017-03-23T00:51:05","guid":{"rendered":"http:\/\/keramika.holest.com\/slovenija\/product\/mosavit-mozaik-ploscice-mexican-butterfly\/"},"modified":"2026-01-04T00:01:42","modified_gmt":"2026-01-04T00:01:42","slug":"mosavit-mozaik-ploscice-mexican-butterfly","status":"publish","type":"product","link":"https:\/\/www.keramika.com\/slovenija\/mosavit-mozaik-ploscice-mexican-butterfly\/","title":{"rendered":"Mosavit mozaik plo\u0161\u010dice Mexican Butterfly"},"content":{"rendered":"<p>4 mm debeline je dovolj tudi za zahtevnej\u0161e kupce. Na spletu boste za ta mozaik od\u0161teli le 646,25 EUR, medtem ko v redni prodaji cena zna\u0161a 807,81 EUR. Keramika v be\u017e barvi popestri vsak prostor. Ta mozaik je izdelal proizvajalec Mosavit, ki prihaja iz \u0160panije. Z velikostjo mre\u017ee 31,6&#215;31,6 cm na katero je pripet, je ta mozaik primeren ze razli\u010dne povr\u0161ine.<\/p>\n<p>Technical description: Min. 1 box \u2013 Delivery 30 Euro\/box in EU<\/p>\n","protected":false},"excerpt":{"rendered":"<p>4 mm debeline je dovolj tudi za zahtevnej\u0161e kupce. Na spletu boste za ta mozaik od\u0161teli le 646,25 EUR, medtem ko v redni prodaji cena zna\u0161a 807,81 EUR. Keramika v be\u017e barvi popestri vsak prostor. Ta mozaik je izdelal proizvajalec Mosavit, ki prihaja iz \u0160panije. Z velikostjo mre\u017ee 31,6&#215;31,6 cm na katero je pripet, je [&hellip;]<\/p>\n","protected":false},"featured_media":105491,"template":"","meta":[],"product_cat":[999405,400,999,410],"product_tag":[],"_links":{"self":[{"href":"https:\/\/www.keramika.com\/slovenija\/wp-json\/wp\/v2\/product\/105490"}],"collection":[{"href":"https:\/\/www.keramika.com\/slovenija\/wp-json\/wp\/v2\/product"}],"about":[{"href":"https:\/\/www.keramika.com\/slovenija\/wp-json\/wp\/v2\/types\/product"}],"wp:featuredmedia":[{"embeddable":true,"href":"https:\/\/www.keramika.com\/slovenija\/wp-json\/wp\/v2\/media\/105491"}],"wp:attachment":[{"href":"https:\/\/www.keramika.com\/slovenija\/wp-json\/wp\/v2\/media?parent=105490"}],"wp:term":[{"taxonomy":"product_cat","embeddable":true,"href":"https:\/\/www.keramika.com\/slovenija\/wp-json\/wp\/v2\/product_cat?post=105490"},{"taxonomy":"product_tag","embeddable":true,"href":"https:\/\/www.keramika.com\/slovenija\/wp-json\/wp\/v2\/product_tag?post=105490"}],"curies":[{"name":"wp","href":"https:\/\/api.w.org\/{rel}","templated":true}]}}