{"id":105488,"date":"2017-03-23T00:51:00","date_gmt":"2017-03-23T00:51:00","guid":{"rendered":"http:\/\/keramika.holest.com\/slovenija\/product\/mosavit-mozaik-ploscice-mara-silver\/"},"modified":"2026-01-04T00:01:42","modified_gmt":"2026-01-04T00:01:42","slug":"mosavit-mozaik-ploscice-mara-silver","status":"publish","type":"product","link":"https:\/\/www.keramika.com\/slovenija\/mosavit-mozaik-ploscice-mara-silver\/","title":{"rendered":"Mosavit mozaik plo\u0161\u010dice Mara Silver"},"content":{"rendered":"<p>Debelina kar 4 mm dela ta mozaik zelo trpe\u017een in presti\u017een na otip. 146,88 EUR v klasi\u010dni trgovini, pri nas pa le 117,5 EUR. Z velikostjo mre\u017ee 31,6&#215;31,6 cm na katero je pripet, je ta mozaik primeren ze razli\u010dne povr\u0161ine. Prihaja iz \u0160panije, ki po svetu slovi kot ena bolj\u0161ih proizvajalk kerami\u010dnih plo\u0161\u010dic. Ta mozaik plo\u0161\u010dica v \u010dudoviti beli barvi bo obogatila vsak prostor.<\/p>\n<p>Technical description: Min. 1 box \u2013 Delivery 30 Euro\/box in EU<\/p>\n","protected":false},"excerpt":{"rendered":"<p>Debelina kar 4 mm dela ta mozaik zelo trpe\u017een in presti\u017een na otip. 146,88 EUR v klasi\u010dni trgovini, pri nas pa le 117,5 EUR. Z velikostjo mre\u017ee 31,6&#215;31,6 cm na katero je pripet, je ta mozaik primeren ze razli\u010dne povr\u0161ine. Prihaja iz \u0160panije, ki po svetu slovi kot ena bolj\u0161ih proizvajalk kerami\u010dnih plo\u0161\u010dic. Ta mozaik [&hellip;]<\/p>\n","protected":false},"featured_media":105489,"template":"","meta":[],"product_cat":[999405,400,999,410],"product_tag":[],"_links":{"self":[{"href":"https:\/\/www.keramika.com\/slovenija\/wp-json\/wp\/v2\/product\/105488"}],"collection":[{"href":"https:\/\/www.keramika.com\/slovenija\/wp-json\/wp\/v2\/product"}],"about":[{"href":"https:\/\/www.keramika.com\/slovenija\/wp-json\/wp\/v2\/types\/product"}],"wp:featuredmedia":[{"embeddable":true,"href":"https:\/\/www.keramika.com\/slovenija\/wp-json\/wp\/v2\/media\/105489"}],"wp:attachment":[{"href":"https:\/\/www.keramika.com\/slovenija\/wp-json\/wp\/v2\/media?parent=105488"}],"wp:term":[{"taxonomy":"product_cat","embeddable":true,"href":"https:\/\/www.keramika.com\/slovenija\/wp-json\/wp\/v2\/product_cat?post=105488"},{"taxonomy":"product_tag","embeddable":true,"href":"https:\/\/www.keramika.com\/slovenija\/wp-json\/wp\/v2\/product_tag?post=105488"}],"curies":[{"name":"wp","href":"https:\/\/api.w.org\/{rel}","templated":true}]}}