{"id":105482,"date":"2017-03-23T00:50:43","date_gmt":"2017-03-23T00:50:43","guid":{"rendered":"http:\/\/keramika.holest.com\/slovenija\/product\/mosavit-mozaik-ploscice-lluvia-negro\/"},"modified":"2026-01-04T00:01:42","modified_gmt":"2026-01-04T00:01:42","slug":"mosavit-mozaik-ploscice-lluvia-negro","status":"publish","type":"product","link":"https:\/\/www.keramika.com\/slovenija\/mosavit-mozaik-ploscice-lluvia-negro\/","title":{"rendered":"Mosavit mozaik plo\u0161\u010dice Lluvia Negro"},"content":{"rendered":"<p>Keramika v \u010drni barvi popestri vsak prostor. Z velikostjo mre\u017ee 30&#215;30 cm na katero je pripet, je ta mozaik primeren ze razli\u010dne povr\u0161ine. Mosavit mosaic Lluvia Negro je na voljo po zelo ugodni ceni 21,75 EUR. Mosavit mosaic Lluvia Negro prihaja iz \u0160panije, ki je znana po zelo kvalitetni keramiki v svetovnem merilu. 4 mm debeline je dovolj tudi za zahtevnej\u0161e kupce.<\/p>\n<p>Technical description: Min. 1 box \u2013 Delivery 30 Euro\/box in EU<\/p>\n","protected":false},"excerpt":{"rendered":"<p>Keramika v \u010drni barvi popestri vsak prostor. Z velikostjo mre\u017ee 30&#215;30 cm na katero je pripet, je ta mozaik primeren ze razli\u010dne povr\u0161ine. Mosavit mosaic Lluvia Negro je na voljo po zelo ugodni ceni 21,75 EUR. Mosavit mosaic Lluvia Negro prihaja iz \u0160panije, ki je znana po zelo kvalitetni keramiki v svetovnem merilu. 4 mm [&hellip;]<\/p>\n","protected":false},"featured_media":105483,"template":"","meta":[],"product_cat":[420,999405,400,999],"product_tag":[],"_links":{"self":[{"href":"https:\/\/www.keramika.com\/slovenija\/wp-json\/wp\/v2\/product\/105482"}],"collection":[{"href":"https:\/\/www.keramika.com\/slovenija\/wp-json\/wp\/v2\/product"}],"about":[{"href":"https:\/\/www.keramika.com\/slovenija\/wp-json\/wp\/v2\/types\/product"}],"wp:featuredmedia":[{"embeddable":true,"href":"https:\/\/www.keramika.com\/slovenija\/wp-json\/wp\/v2\/media\/105483"}],"wp:attachment":[{"href":"https:\/\/www.keramika.com\/slovenija\/wp-json\/wp\/v2\/media?parent=105482"}],"wp:term":[{"taxonomy":"product_cat","embeddable":true,"href":"https:\/\/www.keramika.com\/slovenija\/wp-json\/wp\/v2\/product_cat?post=105482"},{"taxonomy":"product_tag","embeddable":true,"href":"https:\/\/www.keramika.com\/slovenija\/wp-json\/wp\/v2\/product_tag?post=105482"}],"curies":[{"name":"wp","href":"https:\/\/api.w.org\/{rel}","templated":true}]}}