{"id":105480,"date":"2017-03-23T00:50:35","date_gmt":"2017-03-23T00:50:35","guid":{"rendered":"http:\/\/keramika.holest.com\/slovenija\/product\/mosavit-mozaik-ploscice-lluvia-inox\/"},"modified":"2026-01-04T00:01:41","modified_gmt":"2026-01-04T00:01:41","slug":"mosavit-mozaik-ploscice-lluvia-inox","status":"publish","type":"product","link":"https:\/\/www.keramika.com\/slovenija\/mosavit-mozaik-ploscice-lluvia-inox\/","title":{"rendered":"Mosavit mozaik plo\u0161\u010dice Lluvia Inox"},"content":{"rendered":"<p>4 mm debeline je dovolj tudi za zahtevnej\u0161e kupce. Pri izbiri mozaika v glavni \u010drni barvi ne morete zgre\u0161iti. Namesto 27,19 EUR kot bi za ta mozaik od\u0161teli v klasi\u010dni trgovini, boste v na\u0161i spletni prodajalni od\u0161teli le 21,75 EUR. Prihaja iz \u0160panije, ki po svetu slovi kot ena bolj\u0161ih proizvajalk kerami\u010dnih plo\u0161\u010dic. \u0160irina in dol\u017eina mre\u017ee na katero je pripet ta mozaik sta 30&#215;30 cm. Mre\u017eo lahko enostavno polo\u017eite na razli\u010dne povr\u0161ine.<\/p>\n<p>Technical description: Min. 1 box \u2013 Delivery 30 Euro\/box in EU<\/p>\n","protected":false},"excerpt":{"rendered":"<p>4 mm debeline je dovolj tudi za zahtevnej\u0161e kupce. Pri izbiri mozaika v glavni \u010drni barvi ne morete zgre\u0161iti. Namesto 27,19 EUR kot bi za ta mozaik od\u0161teli v klasi\u010dni trgovini, boste v na\u0161i spletni prodajalni od\u0161teli le 21,75 EUR. Prihaja iz \u0160panije, ki po svetu slovi kot ena bolj\u0161ih proizvajalk kerami\u010dnih plo\u0161\u010dic. \u0160irina in [&hellip;]<\/p>\n","protected":false},"featured_media":105481,"template":"","meta":[],"product_cat":[420,999405,400,999],"product_tag":[],"_links":{"self":[{"href":"https:\/\/www.keramika.com\/slovenija\/wp-json\/wp\/v2\/product\/105480"}],"collection":[{"href":"https:\/\/www.keramika.com\/slovenija\/wp-json\/wp\/v2\/product"}],"about":[{"href":"https:\/\/www.keramika.com\/slovenija\/wp-json\/wp\/v2\/types\/product"}],"wp:featuredmedia":[{"embeddable":true,"href":"https:\/\/www.keramika.com\/slovenija\/wp-json\/wp\/v2\/media\/105481"}],"wp:attachment":[{"href":"https:\/\/www.keramika.com\/slovenija\/wp-json\/wp\/v2\/media?parent=105480"}],"wp:term":[{"taxonomy":"product_cat","embeddable":true,"href":"https:\/\/www.keramika.com\/slovenija\/wp-json\/wp\/v2\/product_cat?post=105480"},{"taxonomy":"product_tag","embeddable":true,"href":"https:\/\/www.keramika.com\/slovenija\/wp-json\/wp\/v2\/product_tag?post=105480"}],"curies":[{"name":"wp","href":"https:\/\/api.w.org\/{rel}","templated":true}]}}