{"id":105476,"date":"2017-03-23T00:50:24","date_gmt":"2017-03-23T00:50:24","guid":{"rendered":"http:\/\/keramika.holest.com\/slovenija\/product\/mosavit-mozaik-ploscice-languedoc-mix\/"},"modified":"2026-01-04T00:01:41","modified_gmt":"2026-01-04T00:01:41","slug":"mosavit-mozaik-ploscice-languedoc-mix","status":"publish","type":"product","link":"https:\/\/www.keramika.com\/slovenija\/mosavit-mozaik-ploscice-languedoc-mix\/","title":{"rendered":"Mosavit mozaik plo\u0161\u010dice Languedoc Mix"},"content":{"rendered":"<p>V redni prodaji bi morali za ta mozaik od\u0161teti 378,12 EUR, spletna cena pa zna\u0161a le 302,5 EUR. Mosavit mosaic Languedoc Mix prihaja iz \u0160panije, ki je znana po zelo kvalitetni keramiki v svetovnem merilu. Debelina plo\u0161\u010dice je zelo pomembna in 4 mm uvr\u0161\u010da ta mozaik med najkvalitetnej\u0161e. Velikost mre\u017ee z mozaikom je 31,6&#215;31,6 cm, kar omogo\u010da enostavno polaganje. Letos so mozaiki v rjavi barvi zelo za\u017eeljeni.<\/p>\n<p>Technical description: Min. 1 box \u2013 Delivery 30 Euro\/box in EU<\/p>\n","protected":false},"excerpt":{"rendered":"<p>V redni prodaji bi morali za ta mozaik od\u0161teti 378,12 EUR, spletna cena pa zna\u0161a le 302,5 EUR. Mosavit mosaic Languedoc Mix prihaja iz \u0160panije, ki je znana po zelo kvalitetni keramiki v svetovnem merilu. Debelina plo\u0161\u010dice je zelo pomembna in 4 mm uvr\u0161\u010da ta mozaik med najkvalitetnej\u0161e. Velikost mre\u017ee z mozaikom je 31,6&#215;31,6 cm, [&hellip;]<\/p>\n","protected":false},"featured_media":105477,"template":"","meta":[],"product_cat":[999405,400,999,410],"product_tag":[],"_links":{"self":[{"href":"https:\/\/www.keramika.com\/slovenija\/wp-json\/wp\/v2\/product\/105476"}],"collection":[{"href":"https:\/\/www.keramika.com\/slovenija\/wp-json\/wp\/v2\/product"}],"about":[{"href":"https:\/\/www.keramika.com\/slovenija\/wp-json\/wp\/v2\/types\/product"}],"wp:featuredmedia":[{"embeddable":true,"href":"https:\/\/www.keramika.com\/slovenija\/wp-json\/wp\/v2\/media\/105477"}],"wp:attachment":[{"href":"https:\/\/www.keramika.com\/slovenija\/wp-json\/wp\/v2\/media?parent=105476"}],"wp:term":[{"taxonomy":"product_cat","embeddable":true,"href":"https:\/\/www.keramika.com\/slovenija\/wp-json\/wp\/v2\/product_cat?post=105476"},{"taxonomy":"product_tag","embeddable":true,"href":"https:\/\/www.keramika.com\/slovenija\/wp-json\/wp\/v2\/product_tag?post=105476"}],"curies":[{"name":"wp","href":"https:\/\/api.w.org\/{rel}","templated":true}]}}