{"id":105464,"date":"2017-03-23T00:49:52","date_gmt":"2017-03-23T00:49:52","guid":{"rendered":"http:\/\/keramika.holest.com\/slovenija\/product\/mosavit-mozaik-ploscice-irish-poppy\/"},"modified":"2026-01-04T00:01:40","modified_gmt":"2026-01-04T00:01:40","slug":"mosavit-mozaik-ploscice-irish-poppy","status":"publish","type":"product","link":"https:\/\/www.keramika.com\/slovenija\/mosavit-mozaik-ploscice-irish-poppy\/","title":{"rendered":"Mosavit mozaik plo\u0161\u010dice Irish Poppy"},"content":{"rendered":"<p>V redni prodaji bi morali za ta mozaik od\u0161teti 807,81 EUR, spletna cena pa zna\u0161a le 646,25 EUR. Velikost mre\u017ee z mozaikom je 31,6&#215;31,6 cm, kar omogo\u010da enostavno polaganje. Debelina kar 4 mm dela ta mozaik zelo trpe\u017een in presti\u017een na otip. Mosavit mosaic Irish Poppy prihaja iz \u0160panije, ki je znana po zelo kvalitetni keramiki v svetovnem merilu. Keramika v beli barvi popestri vsak prostor.<\/p>\n<p>Technical description: Min. 1 box \u2013 Delivery 30 Euro\/box in EU<\/p>\n","protected":false},"excerpt":{"rendered":"<p>V redni prodaji bi morali za ta mozaik od\u0161teti 807,81 EUR, spletna cena pa zna\u0161a le 646,25 EUR. Velikost mre\u017ee z mozaikom je 31,6&#215;31,6 cm, kar omogo\u010da enostavno polaganje. Debelina kar 4 mm dela ta mozaik zelo trpe\u017een in presti\u017een na otip. Mosavit mosaic Irish Poppy prihaja iz \u0160panije, ki je znana po zelo kvalitetni [&hellip;]<\/p>\n","protected":false},"featured_media":105465,"template":"","meta":[],"product_cat":[999405,400,999,410],"product_tag":[],"_links":{"self":[{"href":"https:\/\/www.keramika.com\/slovenija\/wp-json\/wp\/v2\/product\/105464"}],"collection":[{"href":"https:\/\/www.keramika.com\/slovenija\/wp-json\/wp\/v2\/product"}],"about":[{"href":"https:\/\/www.keramika.com\/slovenija\/wp-json\/wp\/v2\/types\/product"}],"wp:featuredmedia":[{"embeddable":true,"href":"https:\/\/www.keramika.com\/slovenija\/wp-json\/wp\/v2\/media\/105465"}],"wp:attachment":[{"href":"https:\/\/www.keramika.com\/slovenija\/wp-json\/wp\/v2\/media?parent=105464"}],"wp:term":[{"taxonomy":"product_cat","embeddable":true,"href":"https:\/\/www.keramika.com\/slovenija\/wp-json\/wp\/v2\/product_cat?post=105464"},{"taxonomy":"product_tag","embeddable":true,"href":"https:\/\/www.keramika.com\/slovenija\/wp-json\/wp\/v2\/product_tag?post=105464"}],"curies":[{"name":"wp","href":"https:\/\/api.w.org\/{rel}","templated":true}]}}