{"id":105462,"date":"2017-03-23T00:49:46","date_gmt":"2017-03-23T00:49:46","guid":{"rendered":"http:\/\/keramika.holest.com\/slovenija\/product\/mosavit-mozaik-ploscice-indian-cachemir\/"},"modified":"2026-01-04T00:01:39","modified_gmt":"2026-01-04T00:01:39","slug":"mosavit-mozaik-ploscice-indian-cachemir","status":"publish","type":"product","link":"https:\/\/www.keramika.com\/slovenija\/mosavit-mozaik-ploscice-indian-cachemir\/","title":{"rendered":"Mosavit mozaik plo\u0161\u010dice Indian Cachemir"},"content":{"rendered":"<p>Mosavit mosaic Indian Cachemir je plo\u0161\u010dica proizvajalca Mosavit in prihaja iz \u0160panije. Dimenzije mre\u017ee na katero je pripet ta mozaik so 31,6&#215;31,6 cm. Mre\u017ea omogo\u010da enostavnej\u0161e polaganje. 4 mm je debelina, ki zadovolji tudi zahtevnej\u0161e kupce. Pri izbiri mozaika v glavni modri barvi ne morete zgre\u0161iti. Mosavit mosaic Indian Cachemir je na voljo po zelo ugodni ceni 646,25 EUR.<\/p>\n<p>Technical description: Min. 1 box \u2013 Delivery 30 Euro\/box in EU<\/p>\n","protected":false},"excerpt":{"rendered":"<p>Mosavit mosaic Indian Cachemir je plo\u0161\u010dica proizvajalca Mosavit in prihaja iz \u0160panije. Dimenzije mre\u017ee na katero je pripet ta mozaik so 31,6&#215;31,6 cm. Mre\u017ea omogo\u010da enostavnej\u0161e polaganje. 4 mm je debelina, ki zadovolji tudi zahtevnej\u0161e kupce. Pri izbiri mozaika v glavni modri barvi ne morete zgre\u0161iti. Mosavit mosaic Indian Cachemir je na voljo po zelo [&hellip;]<\/p>\n","protected":false},"featured_media":105463,"template":"","meta":[],"product_cat":[999405,400,999,410],"product_tag":[],"_links":{"self":[{"href":"https:\/\/www.keramika.com\/slovenija\/wp-json\/wp\/v2\/product\/105462"}],"collection":[{"href":"https:\/\/www.keramika.com\/slovenija\/wp-json\/wp\/v2\/product"}],"about":[{"href":"https:\/\/www.keramika.com\/slovenija\/wp-json\/wp\/v2\/types\/product"}],"wp:featuredmedia":[{"embeddable":true,"href":"https:\/\/www.keramika.com\/slovenija\/wp-json\/wp\/v2\/media\/105463"}],"wp:attachment":[{"href":"https:\/\/www.keramika.com\/slovenija\/wp-json\/wp\/v2\/media?parent=105462"}],"wp:term":[{"taxonomy":"product_cat","embeddable":true,"href":"https:\/\/www.keramika.com\/slovenija\/wp-json\/wp\/v2\/product_cat?post=105462"},{"taxonomy":"product_tag","embeddable":true,"href":"https:\/\/www.keramika.com\/slovenija\/wp-json\/wp\/v2\/product_tag?post=105462"}],"curies":[{"name":"wp","href":"https:\/\/api.w.org\/{rel}","templated":true}]}}