{"id":105460,"date":"2017-03-23T00:49:40","date_gmt":"2017-03-23T00:49:40","guid":{"rendered":"http:\/\/keramika.holest.com\/slovenija\/product\/mosavit-mozaik-ploscice-impkimpi-pandora\/"},"modified":"2026-01-04T00:01:39","modified_gmt":"2026-01-04T00:01:39","slug":"mosavit-mozaik-ploscice-impkimpi-pandora","status":"publish","type":"product","link":"https:\/\/www.keramika.com\/slovenija\/mosavit-mozaik-ploscice-impkimpi-pandora\/","title":{"rendered":"Mosavit mozaik plo\u0161\u010dice Impkimpi Pandora"},"content":{"rendered":"<p>Mozaik dobite pripet na mre\u017eo, kar olaj\u0161a njegovo polaganje. Velikost mre\u017ee je 31,6&#215;31,6 cm in je primerna za razli\u010dne povr\u0161ine. Ta mozaik plo\u0161\u010dica prihaja iz \u0160panije, ki je znana po kvalitetni keramiki. Letos so mozaiki v be\u017e barvi zelo za\u017eeljeni. Mozaik je debel kar 4 mm, kar ga uvr\u0161\u010da med bolj trde mozaik plo\u0161\u010dice. Zaradi ni\u017ejih stro\u0161kov pri spletni prodaji boste na na\u0161i strani za ta mozaik od\u0161teli le 137 EUR.<\/p>\n<p>Technical description: Min. 1 box \u2013 Delivery 30 Euro\/box in EU<\/p>\n","protected":false},"excerpt":{"rendered":"<p>Mozaik dobite pripet na mre\u017eo, kar olaj\u0161a njegovo polaganje. Velikost mre\u017ee je 31,6&#215;31,6 cm in je primerna za razli\u010dne povr\u0161ine. Ta mozaik plo\u0161\u010dica prihaja iz \u0160panije, ki je znana po kvalitetni keramiki. Letos so mozaiki v be\u017e barvi zelo za\u017eeljeni. Mozaik je debel kar 4 mm, kar ga uvr\u0161\u010da med bolj trde mozaik plo\u0161\u010dice. Zaradi [&hellip;]<\/p>\n","protected":false},"featured_media":105461,"template":"","meta":[],"product_cat":[420,999405,400,999],"product_tag":[],"_links":{"self":[{"href":"https:\/\/www.keramika.com\/slovenija\/wp-json\/wp\/v2\/product\/105460"}],"collection":[{"href":"https:\/\/www.keramika.com\/slovenija\/wp-json\/wp\/v2\/product"}],"about":[{"href":"https:\/\/www.keramika.com\/slovenija\/wp-json\/wp\/v2\/types\/product"}],"wp:featuredmedia":[{"embeddable":true,"href":"https:\/\/www.keramika.com\/slovenija\/wp-json\/wp\/v2\/media\/105461"}],"wp:attachment":[{"href":"https:\/\/www.keramika.com\/slovenija\/wp-json\/wp\/v2\/media?parent=105460"}],"wp:term":[{"taxonomy":"product_cat","embeddable":true,"href":"https:\/\/www.keramika.com\/slovenija\/wp-json\/wp\/v2\/product_cat?post=105460"},{"taxonomy":"product_tag","embeddable":true,"href":"https:\/\/www.keramika.com\/slovenija\/wp-json\/wp\/v2\/product_tag?post=105460"}],"curies":[{"name":"wp","href":"https:\/\/api.w.org\/{rel}","templated":true}]}}