{"id":105454,"date":"2017-08-01T00:49:23","date_gmt":"2017-08-01T00:49:23","guid":{"rendered":"http:\/\/keramika.holest.com\/slovenija\/product\/mosavit-mozaik-ploscice-exa-negro\/"},"modified":"2026-01-04T00:01:38","modified_gmt":"2026-01-04T00:01:38","slug":"hexagon-mozaik-ploscice-negro","status":"publish","type":"product","link":"https:\/\/www.keramika.com\/slovenija\/hexagon-mozaik-ploscice-negro\/","title":{"rendered":"Hexagon mozaik plo\u0161\u010dice Negro"},"content":{"rendered":"<p>Redna cena tega mozaika v maloprodaji zna\u0161a 30,94 EUR, v na\u0161i spletni trgovini pa ga lahko dobite \u017ee za 24,75 EUR. Dimenzije mre\u017ee na katero je pripet ta mozaik so 30&#215;30 cm. Mre\u017ea omogo\u010da enostavnej\u0161e polaganje. Debelina plo\u0161\u010dice je zelo pomembna in 4 mm uvr\u0161\u010da ta mozaik med najkvalitetnej\u0161e. Mosavit mosaic Exa Negro je plo\u0161\u010dica proizvajalca Mosavit in prihaja iz \u0160panije. Zelo moderen mozaik v dominanti beli barvi popestri prav vsak prostor.<br \/>\nTehni\u010dni opis:<br \/>\n11 kosov\/\u0161katla (30,2&#215;30,5)<br \/>\n17,4 kg\/\u0161katla<br \/>\nMin. 1 \u0161katla &#8211; dostava 30 evrov\/\u0161katla v EU<\/p>\n","protected":false},"excerpt":{"rendered":"<p>Naravni kamen in steklene mozai\u010dne plo\u0161\u010dice.<\/p>\n","protected":false},"featured_media":105455,"template":"","meta":[],"product_cat":[99,420,230,999405,400,999,410,250],"product_tag":[99921971,99921974,99921970],"_links":{"self":[{"href":"https:\/\/www.keramika.com\/slovenija\/wp-json\/wp\/v2\/product\/105454"}],"collection":[{"href":"https:\/\/www.keramika.com\/slovenija\/wp-json\/wp\/v2\/product"}],"about":[{"href":"https:\/\/www.keramika.com\/slovenija\/wp-json\/wp\/v2\/types\/product"}],"wp:featuredmedia":[{"embeddable":true,"href":"https:\/\/www.keramika.com\/slovenija\/wp-json\/wp\/v2\/media\/105455"}],"wp:attachment":[{"href":"https:\/\/www.keramika.com\/slovenija\/wp-json\/wp\/v2\/media?parent=105454"}],"wp:term":[{"taxonomy":"product_cat","embeddable":true,"href":"https:\/\/www.keramika.com\/slovenija\/wp-json\/wp\/v2\/product_cat?post=105454"},{"taxonomy":"product_tag","embeddable":true,"href":"https:\/\/www.keramika.com\/slovenija\/wp-json\/wp\/v2\/product_tag?post=105454"}],"curies":[{"name":"wp","href":"https:\/\/api.w.org\/{rel}","templated":true}]}}