{"id":105452,"date":"2017-08-01T00:49:17","date_gmt":"2017-08-01T00:49:17","guid":{"rendered":"http:\/\/keramika.holest.com\/slovenija\/product\/mosavit-mozaik-ploscice-exa-blanco\/"},"modified":"2026-01-04T00:01:38","modified_gmt":"2026-01-04T00:01:38","slug":"hexagon-mozaik-ploscice-blanco","status":"publish","type":"product","link":"https:\/\/www.keramika.com\/slovenija\/hexagon-mozaik-ploscice-blanco\/","title":{"rendered":"Hexagon mozaik plo\u0161\u010dice Blanco"},"content":{"rendered":"<p>Debelina kar 4 mm dela ta mozaik zelo trpe\u017een in presti\u017een na otip. Velikost mre\u017ee z mozaikom je 30&#215;30 cm, kar omogo\u010da enostavno polaganje. Mosavit mosaic Exa Blanco je plo\u0161\u010dica proizvajalca Mosavit in prihaja iz \u0160panije. Zaradi ni\u017ejih stro\u0161kov pri spletni prodaji boste na na\u0161i strani za ta mozaik od\u0161teli le 24,75 EUR. Keramika v beli barvi popestri vsak prostor.<br \/>\nTehni\u010dni opis:<br \/>\n11 kosov\/\u0161katla (30,2&#215;30,5)<br \/>\n17,4 kg\/\u0161katla<br \/>\nMin. 1 \u0161katla &#8211; dostava 30 evrov\/\u0161katla v EU<\/p>\n","protected":false},"excerpt":{"rendered":"<p>Naravni kamen in steklene mozai\u010dne plo\u0161\u010dice.<\/p>\n","protected":false},"featured_media":105453,"template":"","meta":[],"product_cat":[99,420,230,999405,400,999,250],"product_tag":[99921971,99921974,99921970],"_links":{"self":[{"href":"https:\/\/www.keramika.com\/slovenija\/wp-json\/wp\/v2\/product\/105452"}],"collection":[{"href":"https:\/\/www.keramika.com\/slovenija\/wp-json\/wp\/v2\/product"}],"about":[{"href":"https:\/\/www.keramika.com\/slovenija\/wp-json\/wp\/v2\/types\/product"}],"wp:featuredmedia":[{"embeddable":true,"href":"https:\/\/www.keramika.com\/slovenija\/wp-json\/wp\/v2\/media\/105453"}],"wp:attachment":[{"href":"https:\/\/www.keramika.com\/slovenija\/wp-json\/wp\/v2\/media?parent=105452"}],"wp:term":[{"taxonomy":"product_cat","embeddable":true,"href":"https:\/\/www.keramika.com\/slovenija\/wp-json\/wp\/v2\/product_cat?post=105452"},{"taxonomy":"product_tag","embeddable":true,"href":"https:\/\/www.keramika.com\/slovenija\/wp-json\/wp\/v2\/product_tag?post=105452"}],"curies":[{"name":"wp","href":"https:\/\/api.w.org\/{rel}","templated":true}]}}