{"id":105450,"date":"2017-08-01T00:49:12","date_gmt":"2017-08-01T00:49:12","guid":{"rendered":"http:\/\/keramika.holest.com\/slovenija\/product\/mosavit-mozaik-ploscice-exa-beige\/"},"modified":"2026-01-04T00:01:37","modified_gmt":"2026-01-04T00:01:37","slug":"hexagon-mozaik-ploscice-beige","status":"publish","type":"product","link":"https:\/\/www.keramika.com\/slovenija\/hexagon-mozaik-ploscice-beige\/","title":{"rendered":"Hexagon mozaik plo\u0161\u010dice Beige"},"content":{"rendered":"<p>Z 30&#215;30 cm je mre\u017ea na katero so pripete te mozaik plo\u0161\u010dice primerna za razli\u010dne podlage. Ta mozaik je na voljo v \u010dudoviti be\u017e prevladujo\u010di barvi, \u010de \u017eelite kak\u0161no drugo barvo pa nas kontaktirajte in preverili bomo pri proizvajalcu. Mozaik je debel kar 4 mm, kar ga uvr\u0161\u010da med bolj trde mozaik plo\u0161\u010dice. Ta mozaik je izdelal proizvajalec Mosavit, ki prihaja iz \u0160panije. Mosavit mosaic Exa Beige je na voljo po zelo ugodni ceni 27,25 EUR.<br \/>\nTehni\u010dni opis:<br \/>\n11 kosov\/\u0161katla (30,2&#215;30,5)<br \/>\n17,4 kg\/\u0161katla<br \/>\nMin. 1 \u0161katla &#8211; dostava 30 evrov\/\u0161katla v EU<\/p>\n","protected":false},"excerpt":{"rendered":"<p>Naravni kamen in steklene mozai\u010dne plo\u0161\u010dice.<\/p>\n","protected":false},"featured_media":105451,"template":"","meta":[],"product_cat":[99,420,230,999405,400,999,250],"product_tag":[99921971,99921974,99921970],"_links":{"self":[{"href":"https:\/\/www.keramika.com\/slovenija\/wp-json\/wp\/v2\/product\/105450"}],"collection":[{"href":"https:\/\/www.keramika.com\/slovenija\/wp-json\/wp\/v2\/product"}],"about":[{"href":"https:\/\/www.keramika.com\/slovenija\/wp-json\/wp\/v2\/types\/product"}],"wp:featuredmedia":[{"embeddable":true,"href":"https:\/\/www.keramika.com\/slovenija\/wp-json\/wp\/v2\/media\/105451"}],"wp:attachment":[{"href":"https:\/\/www.keramika.com\/slovenija\/wp-json\/wp\/v2\/media?parent=105450"}],"wp:term":[{"taxonomy":"product_cat","embeddable":true,"href":"https:\/\/www.keramika.com\/slovenija\/wp-json\/wp\/v2\/product_cat?post=105450"},{"taxonomy":"product_tag","embeddable":true,"href":"https:\/\/www.keramika.com\/slovenija\/wp-json\/wp\/v2\/product_tag?post=105450"}],"curies":[{"name":"wp","href":"https:\/\/api.w.org\/{rel}","templated":true}]}}