{"id":105448,"date":"2017-03-23T00:49:07","date_gmt":"2017-03-23T00:49:07","guid":{"rendered":"http:\/\/keramika.holest.com\/slovenija\/product\/mosavit-mozaik-ploscice-greek-diagonal\/"},"modified":"2026-01-04T00:01:37","modified_gmt":"2026-01-04T00:01:37","slug":"mosavit-mozaik-ploscice-greek-diagonal","status":"publish","type":"product","link":"https:\/\/www.keramika.com\/slovenija\/mosavit-mozaik-ploscice-greek-diagonal\/","title":{"rendered":"Mosavit mozaik plo\u0161\u010dice Greek Diagonal"},"content":{"rendered":"<p>Ta mozaik je na voljo v \u010dudoviti be\u017e prevladujo\u010di barvi, \u010de \u017eelite kak\u0161no drugo barvo pa nas kontaktirajte in preverili bomo pri proizvajalcu. Debelina kar 4 mm dela ta mozaik zelo trpe\u017een in presti\u017een na otip. Mosavit mosaic Greek Diagonal je pripeljana iz \u0160panije in je zelo kvalitetna. Mosavit mosaic Greek Diagonal je na voljo po zelo ugodni ceni 522,5 EUR. Velikost mre\u017ee z mozaikom je 31,6&#215;31,6 cm, kar omogo\u010da enostavno polaganje.<\/p>\n<p>Technical description: Min. 1 box \u2013 Delivery 30 Euro\/box in EU<\/p>\n","protected":false},"excerpt":{"rendered":"<p>Ta mozaik je na voljo v \u010dudoviti be\u017e prevladujo\u010di barvi, \u010de \u017eelite kak\u0161no drugo barvo pa nas kontaktirajte in preverili bomo pri proizvajalcu. Debelina kar 4 mm dela ta mozaik zelo trpe\u017een in presti\u017een na otip. Mosavit mosaic Greek Diagonal je pripeljana iz \u0160panije in je zelo kvalitetna. Mosavit mosaic Greek Diagonal je na voljo [&hellip;]<\/p>\n","protected":false},"featured_media":105449,"template":"","meta":[],"product_cat":[999405,400,999,410],"product_tag":[],"_links":{"self":[{"href":"https:\/\/www.keramika.com\/slovenija\/wp-json\/wp\/v2\/product\/105448"}],"collection":[{"href":"https:\/\/www.keramika.com\/slovenija\/wp-json\/wp\/v2\/product"}],"about":[{"href":"https:\/\/www.keramika.com\/slovenija\/wp-json\/wp\/v2\/types\/product"}],"wp:featuredmedia":[{"embeddable":true,"href":"https:\/\/www.keramika.com\/slovenija\/wp-json\/wp\/v2\/media\/105449"}],"wp:attachment":[{"href":"https:\/\/www.keramika.com\/slovenija\/wp-json\/wp\/v2\/media?parent=105448"}],"wp:term":[{"taxonomy":"product_cat","embeddable":true,"href":"https:\/\/www.keramika.com\/slovenija\/wp-json\/wp\/v2\/product_cat?post=105448"},{"taxonomy":"product_tag","embeddable":true,"href":"https:\/\/www.keramika.com\/slovenija\/wp-json\/wp\/v2\/product_tag?post=105448"}],"curies":[{"name":"wp","href":"https:\/\/api.w.org\/{rel}","templated":true}]}}