{"id":105440,"date":"2017-03-23T00:48:49","date_gmt":"2017-03-23T00:48:49","guid":{"rendered":"http:\/\/keramika.holest.com\/slovenija\/product\/mosavit-mozaik-ploscice-fachaleta-antracita\/"},"modified":"2026-01-04T00:01:36","modified_gmt":"2026-01-04T00:01:36","slug":"mosavit-mozaik-ploscice-fachaleta-antracita","status":"publish","type":"product","link":"https:\/\/www.keramika.com\/slovenija\/mosavit-mozaik-ploscice-fachaleta-antracita\/","title":{"rendered":"Mosavit mozaik plo\u0161\u010dice Fachaleta Antracita"},"content":{"rendered":"<p>Z 15&#215;50 cm je mre\u017ea na katero so pripete te mozaik plo\u0161\u010dice primerna za razli\u010dne podlage. Namesto 143,12 EUR kot bi za ta mozaik od\u0161teli v klasi\u010dni trgovini, boste v na\u0161i spletni prodajalni od\u0161teli le 114,5 EUR. 12 mm je debelina, ki zadovolji tudi zahtevnej\u0161e kupce. Letos so mozaiki v \u010drni barvi zelo za\u017eeljeni. Mosavit mosaic Fachaleta Antracita prihaja iz \u0160panije, ki je znana po zelo kvalitetni keramiki v svetovnem merilu.<\/p>\n<p>Technical description: Min. 1 box \u2013 Delivery 30 Euro\/box in EU<\/p>\n","protected":false},"excerpt":{"rendered":"<p>Z 15&#215;50 cm je mre\u017ea na katero so pripete te mozaik plo\u0161\u010dice primerna za razli\u010dne podlage. Namesto 143,12 EUR kot bi za ta mozaik od\u0161teli v klasi\u010dni trgovini, boste v na\u0161i spletni prodajalni od\u0161teli le 114,5 EUR. 12 mm je debelina, ki zadovolji tudi zahtevnej\u0161e kupce. Letos so mozaiki v \u010drni barvi zelo za\u017eeljeni. Mosavit [&hellip;]<\/p>\n","protected":false},"featured_media":105441,"template":"","meta":[],"product_cat":[420,999405,400,999],"product_tag":[],"_links":{"self":[{"href":"https:\/\/www.keramika.com\/slovenija\/wp-json\/wp\/v2\/product\/105440"}],"collection":[{"href":"https:\/\/www.keramika.com\/slovenija\/wp-json\/wp\/v2\/product"}],"about":[{"href":"https:\/\/www.keramika.com\/slovenija\/wp-json\/wp\/v2\/types\/product"}],"wp:featuredmedia":[{"embeddable":true,"href":"https:\/\/www.keramika.com\/slovenija\/wp-json\/wp\/v2\/media\/105441"}],"wp:attachment":[{"href":"https:\/\/www.keramika.com\/slovenija\/wp-json\/wp\/v2\/media?parent=105440"}],"wp:term":[{"taxonomy":"product_cat","embeddable":true,"href":"https:\/\/www.keramika.com\/slovenija\/wp-json\/wp\/v2\/product_cat?post=105440"},{"taxonomy":"product_tag","embeddable":true,"href":"https:\/\/www.keramika.com\/slovenija\/wp-json\/wp\/v2\/product_tag?post=105440"}],"curies":[{"name":"wp","href":"https:\/\/api.w.org\/{rel}","templated":true}]}}