{"id":105438,"date":"2017-03-23T00:48:43","date_gmt":"2017-03-23T00:48:43","guid":{"rendered":"http:\/\/keramika.holest.com\/slovenija\/product\/mosavit-mozaik-ploscice-english-rose\/"},"modified":"2026-01-04T00:01:36","modified_gmt":"2026-01-04T00:01:36","slug":"mosavit-mozaik-ploscice-english-rose","status":"publish","type":"product","link":"https:\/\/www.keramika.com\/slovenija\/mosavit-mozaik-ploscice-english-rose\/","title":{"rendered":"Mosavit mozaik plo\u0161\u010dice English Rose"},"content":{"rendered":"<p>Z velikostjo mre\u017ee 31,6&#215;31,6 cm na katero je pripet, je ta mozaik primeren ze razli\u010dne povr\u0161ine. Ta mozaik je debel 4 mm in je zelo trpe\u017een. Redna cena tega mozaika v maloprodaji zna\u0161a 807,81 EUR, v na\u0161i spletni trgovini pa ga lahko dobite \u017ee za 646,25 EUR. Mosavit mosaic English Rose je pripeljana iz \u0160panije in je zelo kvalitetna. Zelo moderen mozaik v dominanti beli barvi popestri prav vsak prostor.<\/p>\n<p>Technical description: Min. 1 box \u2013 Delivery 30 Euro\/box in EU<\/p>\n","protected":false},"excerpt":{"rendered":"<p>Z velikostjo mre\u017ee 31,6&#215;31,6 cm na katero je pripet, je ta mozaik primeren ze razli\u010dne povr\u0161ine. Ta mozaik je debel 4 mm in je zelo trpe\u017een. Redna cena tega mozaika v maloprodaji zna\u0161a 807,81 EUR, v na\u0161i spletni trgovini pa ga lahko dobite \u017ee za 646,25 EUR. Mosavit mosaic English Rose je pripeljana iz \u0160panije [&hellip;]<\/p>\n","protected":false},"featured_media":105439,"template":"","meta":[],"product_cat":[999405,400,999,410],"product_tag":[],"_links":{"self":[{"href":"https:\/\/www.keramika.com\/slovenija\/wp-json\/wp\/v2\/product\/105438"}],"collection":[{"href":"https:\/\/www.keramika.com\/slovenija\/wp-json\/wp\/v2\/product"}],"about":[{"href":"https:\/\/www.keramika.com\/slovenija\/wp-json\/wp\/v2\/types\/product"}],"wp:featuredmedia":[{"embeddable":true,"href":"https:\/\/www.keramika.com\/slovenija\/wp-json\/wp\/v2\/media\/105439"}],"wp:attachment":[{"href":"https:\/\/www.keramika.com\/slovenija\/wp-json\/wp\/v2\/media?parent=105438"}],"wp:term":[{"taxonomy":"product_cat","embeddable":true,"href":"https:\/\/www.keramika.com\/slovenija\/wp-json\/wp\/v2\/product_cat?post=105438"},{"taxonomy":"product_tag","embeddable":true,"href":"https:\/\/www.keramika.com\/slovenija\/wp-json\/wp\/v2\/product_tag?post=105438"}],"curies":[{"name":"wp","href":"https:\/\/api.w.org\/{rel}","templated":true}]}}