{"id":105428,"date":"2017-03-23T00:48:18","date_gmt":"2017-03-23T00:48:18","guid":{"rendered":"http:\/\/keramika.holest.com\/slovenija\/product\/mosavit-mozaik-ploscice-degradado-acquaris-negro\/"},"modified":"2026-01-04T00:01:35","modified_gmt":"2026-01-04T00:01:35","slug":"mosavit-mozaik-ploscice-degradado-acquaris-negro","status":"publish","type":"product","link":"https:\/\/www.keramika.com\/slovenija\/mosavit-mozaik-ploscice-degradado-acquaris-negro\/","title":{"rendered":"Mosavit mozaik plo\u0161\u010dice Degradado Acquaris Negro"},"content":{"rendered":"<p>Ta model mozaik plo\u0161\u010dic se najbolje prodaja v beli barvi. Ta mozaik je debel 4 mm in je zelo trpe\u017een. Prihaja iz \u0160panije, ki po svetu slovi kot ena bolj\u0161ih proizvajalk kerami\u010dnih plo\u0161\u010dic. Na spletu boste za ta mozaik od\u0161teli le 137,5 EUR, medtem ko v redni prodaji cena zna\u0161a 171,88 EUR. Dimenzije mre\u017ee na katero je pripet ta mozaik so 31,6&#215;31,6 cm. Mre\u017ea omogo\u010da enostavnej\u0161e polaganje.<\/p>\n<p>Technical description: Min. 1 box \u2013 Delivery 30 Euro\/box in EU<\/p>\n","protected":false},"excerpt":{"rendered":"<p>Ta model mozaik plo\u0161\u010dic se najbolje prodaja v beli barvi. Ta mozaik je debel 4 mm in je zelo trpe\u017een. Prihaja iz \u0160panije, ki po svetu slovi kot ena bolj\u0161ih proizvajalk kerami\u010dnih plo\u0161\u010dic. Na spletu boste za ta mozaik od\u0161teli le 137,5 EUR, medtem ko v redni prodaji cena zna\u0161a 171,88 EUR. Dimenzije mre\u017ee na [&hellip;]<\/p>\n","protected":false},"featured_media":105429,"template":"","meta":[],"product_cat":[999405,400,999,410],"product_tag":[],"_links":{"self":[{"href":"https:\/\/www.keramika.com\/slovenija\/wp-json\/wp\/v2\/product\/105428"}],"collection":[{"href":"https:\/\/www.keramika.com\/slovenija\/wp-json\/wp\/v2\/product"}],"about":[{"href":"https:\/\/www.keramika.com\/slovenija\/wp-json\/wp\/v2\/types\/product"}],"wp:featuredmedia":[{"embeddable":true,"href":"https:\/\/www.keramika.com\/slovenija\/wp-json\/wp\/v2\/media\/105429"}],"wp:attachment":[{"href":"https:\/\/www.keramika.com\/slovenija\/wp-json\/wp\/v2\/media?parent=105428"}],"wp:term":[{"taxonomy":"product_cat","embeddable":true,"href":"https:\/\/www.keramika.com\/slovenija\/wp-json\/wp\/v2\/product_cat?post=105428"},{"taxonomy":"product_tag","embeddable":true,"href":"https:\/\/www.keramika.com\/slovenija\/wp-json\/wp\/v2\/product_tag?post=105428"}],"curies":[{"name":"wp","href":"https:\/\/api.w.org\/{rel}","templated":true}]}}